{"id":1241,"date":"2025-08-23T11:57:54","date_gmt":"2025-08-23T08:57:54","guid":{"rendered":"https:\/\/haridusnoustaja.com\/minust\/"},"modified":"2025-09-07T16:47:41","modified_gmt":"2025-09-07T13:47:41","slug":"minust","status":"publish","type":"page","link":"https:\/\/haridusnoustaja.com\/?page_id=1241","title":{"rendered":"Minust"},"content":{"rendered":"\t\t<div data-elementor-type=\"wp-page\" data-elementor-id=\"1241\" class=\"elementor elementor-1241\">\n\t\t\t\t<div class=\"elementor-element elementor-element-138c3d1c e-con-full twbb_section twbb_hero_36 twbb_full_h e-flex e-con e-parent\" data-id=\"138c3d1c\" data-element_type=\"container\" data-settings=\"{&quot;background_background&quot;:&quot;classic&quot;}\">\n\t\t<div class=\"elementor-element elementor-element-38226736 e-con-full e-flex e-con e-child\" data-id=\"38226736\" data-element_type=\"container\">\n\t\t\t\t<div class=\"elementor-element elementor-element-39f93375 elementor-widget__width-initial elementor-widget-mobile__width-inherit elementor-widget-tablet__width-initial twbb-headline--style-highlight elementor-widget elementor-widget-twbbanimated-headline\" data-id=\"39f93375\" data-element_type=\"widget\" data-settings=\"{&quot;highlighted_text&quot;:&quot;saaksid kasvada, tegutseda ja areneda,&quot;,&quot;headline_style&quot;:&quot;highlight&quot;,&quot;marker&quot;:&quot;circle&quot;}\" data-widget_type=\"twbbanimated-headline.default\">\n\t\t\t\t<div class=\"elementor-widget-container\">\n\t\t\t\t\t    <h1 class=\"twbb-headline\">\n          <span class=\"twbb-headline-plain-text twbb-headline-text-wrapper\">Toetan sind, et<\/span>\n        <span class=\"twbb-headline-dynamic-wrapper twbb-headline-text-wrapper\"><\/span>\n          <span class=\"twbb-headline-plain-text twbb-headline-text-wrapper\">olgu sa \u00f5petaja, lapsevanem v\u00f5i laps.<\/span>\n        <\/h1>\n    \t\t\t\t<\/div>\n\t\t\t\t<\/div>\n\t\t\t\t<div class=\"elementor-element elementor-element-54717422 elementor-widget__width-initial elementor-widget-mobile__width-inherit elementor-widget-tablet__width-initial elementor-invisible elementor-widget elementor-widget-text-editor\" data-id=\"54717422\" data-element_type=\"widget\" data-settings=\"{&quot;_animation&quot;:&quot;fadeInUp&quot;}\" data-widget_type=\"text-editor.default\">\n\t\t\t\t<div class=\"elementor-widget-container\">\n\t\t\t\t\t\t\t\t\t<p>Minu t\u00f6\u00f6 keskmes on inimene \u2013 tema tunded, areng, suhted ja sisemaailm. Aitan nii \u00f5petajaid, lapsevanemaid kui ka juhte leida rohkem selgust, rahu ja kindlust oma rollis.<\/p>\t\t\t\t\t\t\t\t<\/div>\n\t\t\t\t<\/div>\n\t\t<div class=\"elementor-element elementor-element-11e782e7 e-flex e-con-boxed e-con e-child\" data-id=\"11e782e7\" data-element_type=\"container\">\n\t\t\t\t\t<div class=\"e-con-inner\">\n\t\t\t\t<div class=\"elementor-element elementor-element-63a307d8 elementor-align-right elementor-mobile-align-center elementor-widget elementor-widget-button\" data-id=\"63a307d8\" data-element_type=\"widget\" data-widget_type=\"button.default\">\n\t\t\t\t<div class=\"elementor-widget-container\">\n\t\t\t\t\t\t\t\t\t<div class=\"elementor-button-wrapper\">\n\t\t\t\t\t<a class=\"elementor-button elementor-button-link elementor-size-sm\" href=\"https:\/\/haridusnoustaja.com\/kontakt\/\">\n\t\t\t\t\t\t<span class=\"elementor-button-content-wrapper\">\n\t\t\t\t\t\t\t\t\t<span class=\"elementor-button-text\">V\u00f5ta \u00fchendust ja r\u00e4\u00e4gime<\/span>\n\t\t\t\t\t<\/span>\n\t\t\t\t\t<\/a>\n\t\t\t\t<\/div>\n\t\t\t\t\t\t\t\t<\/div>\n\t\t\t\t<\/div>\n\t\t\t\t\t<\/div>\n\t\t\t\t<\/div>\n\t\t\t\t<\/div>\n\t\t\t\t<div class=\"elementor-element elementor-element-403c2179 elementor-widget__width-initial elementor-widget-mobile__width-inherit elementor-widget-tablet__width-initial elementor-widget elementor-widget-image\" data-id=\"403c2179\" data-element_type=\"widget\" data-widget_type=\"image.default\">\n\t\t\t\t<div class=\"elementor-widget-container\">\n\t\t\t\t\t\t\t\t\t\t\t\t\t\t\t<img fetchpriority=\"high\" decoding=\"async\" width=\"787\" height=\"1280\" src=\"https:\/\/haridusnoustaja.com\/wp-content\/uploads\/2025\/09\/Minust-reso.jpg\" class=\"attachment-full size-full wp-image-1824\" alt=\"\" \/>\t\t\t\t\t\t\t\t\t\t\t\t\t\t\t<\/div>\n\t\t\t\t<\/div>\n\t\t\t\t<\/div>\n\t\t<div class=\"elementor-element elementor-element-34fbe5c4 twbb_section e-flex e-con-boxed e-con e-parent\" data-id=\"34fbe5c4\" data-element_type=\"container\">\n\t\t\t\t\t<div class=\"e-con-inner\">\n\t\t<div class=\"elementor-element elementor-element-7c316390 e-con-full e-flex e-con e-child\" data-id=\"7c316390\" data-element_type=\"container\">\n\t\t\t\t<div class=\"elementor-element elementor-element-78a1608 elementor-widget__width-initial elementor-widget-mobile__width-inherit elementor-widget-tablet__width-initial elementor-widget elementor-widget-image\" data-id=\"78a1608\" data-element_type=\"widget\" data-widget_type=\"image.default\">\n\t\t\t\t<div class=\"elementor-widget-container\">\n\t\t\t\t\t\t\t\t\t\t\t\t\t\t\t<img decoding=\"async\" width=\"880\" height=\"511\" src=\"https:\/\/haridusnoustaja.com\/wp-content\/uploads\/2025\/08\/Logo.jpg\" class=\"attachment-full size-full wp-image-1324\" alt=\"\" srcset=\"https:\/\/haridusnoustaja.com\/wp-content\/uploads\/2025\/08\/Logo.jpg 880w, https:\/\/haridusnoustaja.com\/wp-content\/uploads\/2025\/08\/Logo-300x174.jpg 300w, https:\/\/haridusnoustaja.com\/wp-content\/uploads\/2025\/08\/Logo-768x446.jpg 768w, https:\/\/haridusnoustaja.com\/wp-content\/uploads\/2025\/08\/Logo-600x348.jpg 600w\" sizes=\"(max-width: 880px) 100vw, 880px\" \/>\t\t\t\t\t\t\t\t\t\t\t\t\t\t\t<\/div>\n\t\t\t\t<\/div>\n\t\t\t\t<\/div>\n\t\t<div class=\"elementor-element elementor-element-578b7623 e-con-full e-flex e-con e-child\" data-id=\"578b7623\" data-element_type=\"container\">\n\t\t\t\t<div class=\"elementor-element elementor-element-3b8e9442 elementor-widget__width-initial elementor-widget-mobile__width-inherit elementor-widget-tablet__width-initial elementor-invisible elementor-widget elementor-widget-heading\" data-id=\"3b8e9442\" data-element_type=\"widget\" data-settings=\"{&quot;_animation&quot;:&quot;fadeInUp&quot;}\" data-widget_type=\"heading.default\">\n\t\t\t\t<div class=\"elementor-widget-container\">\n\t\t\t\t\t<h2 class=\"elementor-heading-title elementor-size-default\">Minu lugu<\/h2>\t\t\t\t<\/div>\n\t\t\t\t<\/div>\n\t\t\t\t<div class=\"elementor-element elementor-element-6568e216 elementor-widget__width-initial elementor-widget-mobile__width-inherit elementor-widget-tablet__width-initial elementor-invisible elementor-widget elementor-widget-text-editor\" data-id=\"6568e216\" data-element_type=\"widget\" data-settings=\"{&quot;_animation&quot;:&quot;fadeInUp&quot;}\" data-widget_type=\"text-editor.default\">\n\t\t\t\t<div class=\"elementor-widget-container\">\n\t\t\t\t\t\t\t\t\t<p>Minu teekond haridus- ja n\u00f5ustamisvaldkonnas sai alguse ligi 20 aastat tagasi.<\/p><p>Olen t\u00f6\u00f6tanud nii \u00f5petaja, juhtkonna liikme kui ka tugispetsialistina, see andis mulle s\u00fcgava arusaamise sellest, mida inimesed hariduss\u00fcsteemis p\u00e4riselt vajavad.<\/p><p><br \/>Aja jooksul sai mulle aina selgemaks, et tahan luua turvalist ruumi, kus inimesed saavad kasvada, jagada, \u00f5ppida ja olla p\u00e4riselt kuulatud. Olen end t\u00e4iendanud n\u00f5ustamise, ps\u00fchholoogia, supervisiooni ja loovteraapiate alal, et pakkuda tuge mitmek\u00fclgselt ja s\u00fcgavamalt.<\/p>\t\t\t\t\t\t\t\t<\/div>\n\t\t\t\t<\/div>\n\t\t\t\t<\/div>\n\t\t\t\t\t<\/div>\n\t\t\t\t<\/div>\n\t\t<div class=\"elementor-element elementor-element-62028049 twbb_section e-flex e-con-boxed e-con e-parent\" data-id=\"62028049\" data-element_type=\"container\">\n\t\t\t\t\t<div class=\"e-con-inner\">\n\t\t\t\t<div class=\"elementor-element elementor-element-41ad07a0 elementor-widget__width-initial elementor-widget-mobile__width-inherit elementor-widget-tablet__width-initial elementor-invisible elementor-widget elementor-widget-heading\" data-id=\"41ad07a0\" data-element_type=\"widget\" data-settings=\"{&quot;_animation&quot;:&quot;fadeInUp&quot;}\" data-widget_type=\"heading.default\">\n\t\t\t\t<div class=\"elementor-widget-container\">\n\t\t\t\t\t<h2 class=\"elementor-heading-title elementor-size-default\">Minu l\u00e4henemine<\/h2>\t\t\t\t<\/div>\n\t\t\t\t<\/div>\n\t\t\t\t<div class=\"elementor-element elementor-element-65rt7o6 elementor-widget elementor-widget-text-editor\" data-id=\"65rt7o6\" data-element_type=\"widget\" data-widget_type=\"text-editor.default\">\n\t\t\t\t<div class=\"elementor-widget-container\">\n\t\t\t\t\t\t\t\t\t<p>Olen praktik, kes usub, et k\u00f5ige olulisem on p\u00e4riselt kohal olla \u2013 kuulata, m\u00e4rgata ja m\u00f5ista.<\/p><p>\u00a0<\/p><p>Minu t\u00f6\u00f6stiil on:<\/p>\t\t\t\t\t\t\t\t<\/div>\n\t\t\t\t<\/div>\n\t\t\t\t<div class=\"elementor-element elementor-element-4186d6f4 elementor-widget__width-initial elementor-widget-mobile__width-inherit elementor-widget-tablet__width-initial elementor-align-left elementor-icon-list--layout-traditional elementor-list-item-link-full_width elementor-widget elementor-widget-icon-list\" data-id=\"4186d6f4\" data-element_type=\"widget\" data-widget_type=\"icon-list.default\">\n\t\t\t\t<div class=\"elementor-widget-container\">\n\t\t\t\t\t\t\t<ul class=\"elementor-icon-list-items\">\n\t\t\t\t\t\t\t<li class=\"elementor-icon-list-item\">\n\t\t\t\t\t\t\t\t\t\t\t<span class=\"elementor-icon-list-icon\">\n\t\t\t\t\t\t\t<svg aria-hidden=\"true\" class=\"e-font-icon-svg e-fas-check-circle\" viewBox=\"0 0 512 512\" xmlns=\"http:\/\/www.w3.org\/2000\/svg\"><path d=\"M504 256c0 136.967-111.033 248-248 248S8 392.967 8 256 119.033 8 256 8s248 111.033 248 248zM227.314 387.314l184-184c6.248-6.248 6.248-16.379 0-22.627l-22.627-22.627c-6.248-6.249-16.379-6.249-22.628 0L216 308.118l-70.059-70.059c-6.248-6.248-16.379-6.248-22.628 0l-22.627 22.627c-6.248 6.248-6.248 16.379 0 22.627l104 104c6.249 6.249 16.379 6.249 22.628.001z\"><\/path><\/svg>\t\t\t\t\t\t<\/span>\n\t\t\t\t\t\t\t\t\t\t<span class=\"elementor-icon-list-text\">toetav ja hinnanguvaba<\/span>\n\t\t\t\t\t\t\t\t\t<\/li>\n\t\t\t\t\t\t\t\t<li class=\"elementor-icon-list-item\">\n\t\t\t\t\t\t\t\t\t\t\t<span class=\"elementor-icon-list-icon\">\n\t\t\t\t\t\t\t<svg aria-hidden=\"true\" class=\"e-font-icon-svg e-fas-check-circle\" viewBox=\"0 0 512 512\" xmlns=\"http:\/\/www.w3.org\/2000\/svg\"><path d=\"M504 256c0 136.967-111.033 248-248 248S8 392.967 8 256 119.033 8 256 8s248 111.033 248 248zM227.314 387.314l184-184c6.248-6.248 6.248-16.379 0-22.627l-22.627-22.627c-6.248-6.249-16.379-6.249-22.628 0L216 308.118l-70.059-70.059c-6.248-6.248-16.379-6.248-22.628 0l-22.627 22.627c-6.248 6.248-6.248 16.379 0 22.627l104 104c6.249 6.249 16.379 6.249 22.628.001z\"><\/path><\/svg>\t\t\t\t\t\t<\/span>\n\t\t\t\t\t\t\t\t\t\t<span class=\"elementor-icon-list-text\">s\u00fcsteemne ja selge<\/span>\n\t\t\t\t\t\t\t\t\t<\/li>\n\t\t\t\t\t\t\t\t<li class=\"elementor-icon-list-item\">\n\t\t\t\t\t\t\t\t\t\t\t<span class=\"elementor-icon-list-icon\">\n\t\t\t\t\t\t\t<svg aria-hidden=\"true\" class=\"e-font-icon-svg e-fas-check-circle\" viewBox=\"0 0 512 512\" xmlns=\"http:\/\/www.w3.org\/2000\/svg\"><path d=\"M504 256c0 136.967-111.033 248-248 248S8 392.967 8 256 119.033 8 256 8s248 111.033 248 248zM227.314 387.314l184-184c6.248-6.248 6.248-16.379 0-22.627l-22.627-22.627c-6.248-6.249-16.379-6.249-22.628 0L216 308.118l-70.059-70.059c-6.248-6.248-16.379-6.248-22.628 0l-22.627 22.627c-6.248 6.248-6.248 16.379 0 22.627l104 104c6.249 6.249 16.379 6.249 22.628.001z\"><\/path><\/svg>\t\t\t\t\t\t<\/span>\n\t\t\t\t\t\t\t\t\t\t<span class=\"elementor-icon-list-text\">praktiline, aga s\u00fcgav<\/span>\n\t\t\t\t\t\t\t\t\t<\/li>\n\t\t\t\t\t\t\t\t<li class=\"elementor-icon-list-item\">\n\t\t\t\t\t\t\t\t\t\t\t<span class=\"elementor-icon-list-icon\">\n\t\t\t\t\t\t\t<svg aria-hidden=\"true\" class=\"e-font-icon-svg e-fas-check-circle\" viewBox=\"0 0 512 512\" xmlns=\"http:\/\/www.w3.org\/2000\/svg\"><path d=\"M504 256c0 136.967-111.033 248-248 248S8 392.967 8 256 119.033 8 256 8s248 111.033 248 248zM227.314 387.314l184-184c6.248-6.248 6.248-16.379 0-22.627l-22.627-22.627c-6.248-6.249-16.379-6.249-22.628 0L216 308.118l-70.059-70.059c-6.248-6.248-16.379-6.248-22.628 0l-22.627 22.627c-6.248 6.248-6.248 16.379 0 22.627l104 104c6.249 6.249 16.379 6.249 22.628.001z\"><\/path><\/svg>\t\t\t\t\t\t<\/span>\n\t\t\t\t\t\t\t\t\t\t<span class=\"elementor-icon-list-text\">t\u00e4is soojust ja usaldust<\/span>\n\t\t\t\t\t\t\t\t\t<\/li>\n\t\t\t\t\t\t<\/ul>\n\t\t\t\t\t\t<\/div>\n\t\t\t\t<\/div>\n\t\t\t\t<div class=\"elementor-element elementor-element-0d8f2e9 elementor-widget elementor-widget-text-editor\" data-id=\"0d8f2e9\" data-element_type=\"widget\" data-widget_type=\"text-editor.default\">\n\t\t\t\t<div class=\"elementor-widget-container\">\n\t\t\t\t\t\t\t\t\t<p>Aitan inimestel m\u00f5testada seda, mis toimub sees \u2013 et nad saaksid luua paremaid suhteid v\u00e4ljaspool.<\/p>\t\t\t\t\t\t\t\t<\/div>\n\t\t\t\t<\/div>\n\t\t\t\t\t<\/div>\n\t\t\t\t<\/div>\n\t\t<div class=\"elementor-element elementor-element-72d71f5a twbb_section e-flex e-con-boxed e-con e-parent\" data-id=\"72d71f5a\" data-element_type=\"container\">\n\t\t\t\t\t<div class=\"e-con-inner\">\n\t\t\t\t<div class=\"elementor-element elementor-element-7a3c8812 elementor-widget__width-initial elementor-widget-mobile__width-inherit elementor-widget-tablet__width-initial elementor-invisible elementor-widget elementor-widget-heading\" data-id=\"7a3c8812\" data-element_type=\"widget\" data-settings=\"{&quot;_animation&quot;:&quot;fadeInUp&quot;}\" data-widget_type=\"heading.default\">\n\t\t\t\t<div class=\"elementor-widget-container\">\n\t\t\t\t\t<h2 class=\"elementor-heading-title elementor-size-default\">Kellega ma t\u00f6\u00f6tan?<\/h2>\t\t\t\t<\/div>\n\t\t\t\t<\/div>\n\t\t\t\t<div class=\"elementor-element elementor-element-70ba95d9 elementor-widget__width-initial elementor-widget-mobile__width-inherit elementor-widget-tablet__width-initial elementor-invisible elementor-widget elementor-widget-text-editor\" data-id=\"70ba95d9\" data-element_type=\"widget\" data-settings=\"{&quot;_animation&quot;:&quot;fadeInUp&quot;}\" data-widget_type=\"text-editor.default\">\n\t\t\t\t<div class=\"elementor-widget-container\">\n\t\t\t\t\t\t\t\t\t<p>Toetan inimesi, kes igap\u00e4evaselt hoiavad ja kasvatavad teisi.<\/p><p>Olgu see \u00f5petaja, kes tunneb l\u00e4bip\u00f5lemise m\u00e4rke\u2026 juht, kes tahab meeskonda paremini m\u00f5ista\u2026 v\u00f5i lapsevanem, kes otsib oma lapsele parimat tuge \u2013 iga\u00fcks v\u00e4\u00e4rib, et teda kuulatakse ja toetatakse.<\/p>\t\t\t\t\t\t\t\t<\/div>\n\t\t\t\t<\/div>\n\t\t\t\t\t<\/div>\n\t\t\t\t<\/div>\n\t\t<div class=\"elementor-element elementor-element-702445ae twbb_section e-flex e-con-boxed e-con e-parent\" data-id=\"702445ae\" data-element_type=\"container\">\n\t\t\t\t\t<div class=\"e-con-inner\">\n\t\t<div class=\"elementor-element elementor-element-57a35af1 e-con-full e-flex e-con e-child\" data-id=\"57a35af1\" data-element_type=\"container\">\n\t\t\t\t<div class=\"elementor-element elementor-element-44585f4e elementor-widget__width-initial elementor-widget-mobile__width-inherit elementor-widget-tablet__width-initial elementor-invisible elementor-widget elementor-widget-heading\" data-id=\"44585f4e\" data-element_type=\"widget\" data-settings=\"{&quot;_animation&quot;:&quot;fadeInUp&quot;}\" data-widget_type=\"heading.default\">\n\t\t\t\t<div class=\"elementor-widget-container\">\n\t\t\t\t\t<h2 class=\"elementor-heading-title elementor-size-default\">Minu haridustee<\/h2>\t\t\t\t<\/div>\n\t\t\t\t<\/div>\n\t\t\t\t<div class=\"elementor-element elementor-element-7431936b elementor-widget__width-initial elementor-widget-mobile__width-inherit elementor-widget-tablet__width-initial elementor-invisible elementor-widget elementor-widget-text-editor\" data-id=\"7431936b\" data-element_type=\"widget\" data-settings=\"{&quot;_animation&quot;:&quot;fadeInUp&quot;}\" data-widget_type=\"text-editor.default\">\n\t\t\t\t<div class=\"elementor-widget-container\">\n\t\t\t\t\t\t\t\t\t<p style=\"text-align: left;\">Tugev akadeemiline vundament, magistrikraad alushariduse pedagoogikas (Tallinna \u00dclikool, 2014) ja bakalaureusekraad samas valdkonnas (2010), on loonud mitmek\u00fclgse aluse laste arengu toetamiseks.<\/p>\t\t\t\t\t\t\t\t<\/div>\n\t\t\t\t<\/div>\n\t\t<div class=\"elementor-element elementor-element-b484506 e-con-full e-flex e-con e-child\" data-id=\"b484506\" data-element_type=\"container\">\n\t\t\t\t<div class=\"elementor-element elementor-element-b223d26 elementor-widget elementor-widget-text-editor\" data-id=\"b223d26\" data-element_type=\"widget\" data-widget_type=\"text-editor.default\">\n\t\t\t\t<div class=\"elementor-widget-container\">\n\t\t\t\t\t\t\t\t\t<p style=\"text-align: left;\">Olen l\u00e4binud mitmeid mahukaid v\u00e4lja\u00f5ppeid:<\/p><p style=\"text-align: left;\">Ps\u00fchhodraama lavastaja CP \u2013 2120h (grupip\u00f5hise ps\u00fchhoteraapia terapeut ja juhendaja, MT\u00dc Moreno keskus)<\/p><p style=\"text-align: left;\">M\u00e4nguterapeudi v\u00e4lja\u00f5pe \u2013 717h (Eesti M\u00e4nguteraapia Akadeemia)<\/p><p style=\"text-align: left;\">Superviisori ja coach\u2019i v\u00e4lja\u00f5pe \u2013 705h (MT\u00dc Moreno keskus)<\/p><p style=\"text-align: left;\">Liivalugude teraapia (rahvusvaheline koolitus Eestis)<\/p><p style=\"text-align: left;\">T\u00e4iendkoolitused ps\u00fchhopatoloogia, loovmeetodite ja grupijuhtimise valdkonnas.<\/p>\t\t\t\t\t\t\t\t<\/div>\n\t\t\t\t<\/div>\n\t\t\t\t<\/div>\n\t\t<div class=\"elementor-element elementor-element-310687d e-con-full e-flex e-con e-child\" data-id=\"310687d\" data-element_type=\"container\">\n\t\t\t\t<div class=\"elementor-element elementor-element-8da0135 elementor-widget elementor-widget-text-editor\" data-id=\"8da0135\" data-element_type=\"widget\" data-widget_type=\"text-editor.default\">\n\t\t\t\t<div class=\"elementor-widget-container\">\n\t\t\t\t\t\t\t\t\t<p><span style=\"color: #d4af37;\">K\u00f5ik minu \u00f5pingud ja v\u00e4lja\u00f5pped on suunatud sellele, et: <\/span><\/p><p><span style=\"color: #d4af37;\">M\u00f5ista igas vanuses lapse sisemaailma. <\/span><\/p><p><span style=\"color: #d4af37;\">Toetada \u00f5petaja ning lapsevanema teadlikkust ja enesekindlust.<\/span><\/p><p><span style=\"color: #d4af37;\">Luua praktilisi t\u00f6\u00f6riistu, mis aitavad keerulistes olukordades edasi liikuda.<\/span><\/p>\t\t\t\t\t\t\t\t<\/div>\n\t\t\t\t<\/div>\n\t\t\t\t<\/div>\n\t\t\t\t<\/div>\n\t\t<div class=\"elementor-element elementor-element-1e67a35 e-con-full e-flex e-con e-child\" data-id=\"1e67a35\" data-element_type=\"container\">\n\t\t\t\t<div class=\"elementor-element elementor-element-1b381786 elementor-widget__width-initial elementor-widget-mobile__width-inherit elementor-widget-tablet__width-initial elementor-widget elementor-widget-image\" data-id=\"1b381786\" data-element_type=\"widget\" data-widget_type=\"image.default\">\n\t\t\t\t<div class=\"elementor-widget-container\">\n\t\t\t\t\t\t\t\t\t\t\t\t\t\t\t<img decoding=\"async\" width=\"1024\" height=\"1024\" src=\"https:\/\/haridusnoustaja.com\/wp-content\/uploads\/2025\/09\/image_22.webp\" class=\"attachment-full size-full wp-image-1834\" alt=\"\" srcset=\"https:\/\/haridusnoustaja.com\/wp-content\/uploads\/2025\/09\/image_22.webp 1024w, https:\/\/haridusnoustaja.com\/wp-content\/uploads\/2025\/09\/image_22-300x300.webp 300w, https:\/\/haridusnoustaja.com\/wp-content\/uploads\/2025\/09\/image_22-150x150.webp 150w, https:\/\/haridusnoustaja.com\/wp-content\/uploads\/2025\/09\/image_22-768x768.webp 768w, https:\/\/haridusnoustaja.com\/wp-content\/uploads\/2025\/09\/image_22-600x600.webp 600w\" sizes=\"(max-width: 1024px) 100vw, 1024px\" \/>\t\t\t\t\t\t\t\t\t\t\t\t\t\t\t<\/div>\n\t\t\t\t<\/div>\n\t\t\t\t<\/div>\n\t\t\t\t\t<\/div>\n\t\t\t\t<\/div>\n\t\t<div class=\"elementor-element elementor-element-4578c7a8 twbb_section e-flex e-con-boxed e-con e-parent\" data-id=\"4578c7a8\" data-element_type=\"container\">\n\t\t\t\t\t<div class=\"e-con-inner\">\n\t\t\t\t<div class=\"elementor-element elementor-element-40e08e27 elementor-widget__width-initial elementor-widget-mobile__width-inherit elementor-widget-tablet__width-initial twbb_cta-button-wrapper-center twbb_cta-valign-align-top twbb_cta-button-wrapper-center twbb_cta-button-wrapper-center twbb_cta-position-button-bottom twbb_cta-tablet-position-button-bottom twbb_cta-mobile-position-button-bottom elementor-invisible elementor-widget elementor-widget-twbb_call-to-action\" data-id=\"40e08e27\" data-element_type=\"widget\" data-settings=\"{&quot;_animation&quot;:&quot;fadeInUp&quot;}\" data-widget_type=\"twbb_call-to-action.default\">\n\t\t\t\t<div class=\"elementor-widget-container\">\n\t\t\t\t\t    <div  class=\"twbb_cta-wrapper \">\n      <div class=\"twbb_cta-content-wrapper \">\n    <div class=\"twbb_cta-content-inner\">\n                <h1 class=\"twbb_cta-title\">Kui tunned, et minu l\u00e4henemine k\u00f5netab sind...\n<\/h1>\n                    <div class=\"twbb_cta-description\">...siis v\u00f5ta \u00fchendust ja r\u00e4\u00e4gime. \u00dckski k\u00fcsimus ei ole liiga v\u00e4ike v\u00f5i vale. M\u00f5nikord piisab vaid \u00fchest vestlusest, et hakata asju teisiti n\u00e4gema. <\/div>\n              <\/div>\n    <div class=\"twbb_cta-button-wrapper\">\n        <div class=\"twbb_cta-buttons\">\n              <div class=\"twbb_cta-button-item twbb_cta-button-item__one twbb_cta-button-enable-yes\">\n          <a href=\"https:\/\/haridusnoustaja.com\/kontakt\/\" class=\"elementor-button twbb_cta-button elementor-size- twbb_cta-button__one\"            >Kirjutan Kerlile<\/a>\n        <\/div>\n                        <\/div>\n    <\/div>\n  <\/div>\n        <\/div>\n\t\t\t\t<\/div>\n\t\t\t\t<\/div>\n\t\t\t\t\t<\/div>\n\t\t\t\t<\/div>\n\t\t<div class=\"elementor-element elementor-element-bc47577 e-flex e-con-boxed e-con e-parent\" data-id=\"bc47577\" data-element_type=\"container\">\n\t\t\t\t\t<div class=\"e-con-inner\">\n\t\t\t\t\t<\/div>\n\t\t\t\t<\/div>\n\t\t\t\t<\/div>\n\t\t","protected":false},"excerpt":{"rendered":"<p>Toetan sind, et olgu sa \u00f5petaja, lapsevanem v\u00f5i laps. Minu t\u00f6\u00f6 keskmes on inimene \u2013 tema tunded, areng, suhted ja sisemaailm. Aitan nii \u00f5petajaid, lapsevanemaid kui ka juhte leida rohkem selgust, rahu ja kindlust oma rollis. V\u00f5ta \u00fchendust ja r\u00e4\u00e4gime Minu lugu Minu teekond haridus- ja n\u00f5ustamisvaldkonnas sai alguse ligi 20 aastat tagasi. Olen t\u00f6\u00f6tanud [&hellip;]<\/p>\n","protected":false},"author":0,"featured_media":0,"parent":0,"menu_order":0,"comment_status":"closed","ping_status":"publish","template":"","meta":{"inline_featured_image":false,"two_page_speed":[],"footnotes":""},"class_list":["post-1241","page","type-page","status-publish","hentry"],"_links":{"self":[{"href":"https:\/\/haridusnoustaja.com\/index.php?rest_route=\/wp\/v2\/pages\/1241","targetHints":{"allow":["GET"]}}],"collection":[{"href":"https:\/\/haridusnoustaja.com\/index.php?rest_route=\/wp\/v2\/pages"}],"about":[{"href":"https:\/\/haridusnoustaja.com\/index.php?rest_route=\/wp\/v2\/types\/page"}],"replies":[{"embeddable":true,"href":"https:\/\/haridusnoustaja.com\/index.php?rest_route=%2Fwp%2Fv2%2Fcomments&post=1241"}],"version-history":[{"count":0,"href":"https:\/\/haridusnoustaja.com\/index.php?rest_route=\/wp\/v2\/pages\/1241\/revisions"}],"wp:attachment":[{"href":"https:\/\/haridusnoustaja.com\/index.php?rest_route=%2Fwp%2Fv2%2Fmedia&parent=1241"}],"curies":[{"name":"wp","href":"https:\/\/api.w.org\/{rel}","templated":true}]}}