{"id":1245,"date":"2025-08-23T11:57:54","date_gmt":"2025-08-23T08:57:54","guid":{"rendered":"https:\/\/haridusnoustaja.com\/terms-and-conditions\/"},"modified":"2025-08-29T14:21:37","modified_gmt":"2025-08-29T11:21:37","slug":"terms-and-conditions","status":"publish","type":"page","link":"https:\/\/haridusnoustaja.com\/?page_id=1245","title":{"rendered":"Terms and Conditions"},"content":{"rendered":"\t\t<div data-elementor-type=\"wp-page\" data-elementor-id=\"1245\" class=\"elementor elementor-1245\">\n\t\t\t\t<div class=\"elementor-element elementor-element-epfrdrjz twbb_section e-flex e-con-boxed e-con e-parent\" data-id=\"epfrdrjz\" data-element_type=\"container\">\n\t\t\t\t\t<div class=\"e-con-inner\">\n\t\t\t\t<div class=\"elementor-element elementor-element-65yevggq elementor-widget__width-initial elementor-widget-mobile__width-inherit elementor-widget-tablet__width-initial elementor-invisible elementor-widget elementor-widget-heading\" data-id=\"65yevggq\" data-element_type=\"widget\" data-settings=\"{&quot;_animation&quot;:&quot;fadeInUp&quot;}\" data-widget_type=\"heading.default\">\n\t\t\t\t<div class=\"elementor-widget-container\">\n\t\t\t\t\t<h1 class=\"elementor-heading-title elementor-size-default\">O\u00dc Haridusn\u00f5ustaja m\u00fc\u00fcgitingimused\n<\/h1>\t\t\t\t<\/div>\n\t\t\t\t<\/div>\n\t\t\t\t\t<\/div>\n\t\t\t\t<\/div>\n\t\t<div class=\"elementor-element elementor-element-mysccobz twbb_section e-flex e-con-boxed e-con e-parent\" data-id=\"mysccobz\" data-element_type=\"container\">\n\t\t\t\t\t<div class=\"e-con-inner\">\n\t\t\t\t<div class=\"elementor-element elementor-element-m8fn2gv4 elementor-widget__width-initial elementor-widget-mobile__width-inherit elementor-widget-tablet__width-initial elementor-invisible elementor-widget elementor-widget-text-editor\" data-id=\"m8fn2gv4\" data-element_type=\"widget\" data-settings=\"{&quot;_animation&quot;:&quot;fadeInUp&quot;}\" data-widget_type=\"text-editor.default\">\n\t\t\t\t<div class=\"elementor-widget-container\">\n\t\t\t\t\t\t\t\t\t<p><b>1. \u00dcldised tingimused<\/b><\/p>\n<p>K\u00e4esolevad m\u00fc\u00fcgitingimused kehtivad O\u00dc Haridusn\u00f5ustaja (registrikood 16581790, aadress: Tallinn, Harjumaa) poolt pakutavate toodete ja teenuste ostmisel veebilehe www.haridusnoustaja.com kaudu. M\u00fc\u00fcgitingimused kehtivad k\u00f5ikide klientide suhtes, kes ostavad koolitusi, k\u00e4siraamatuid v\u00f5i muid tooteid e-poe, e-kirja v\u00f5i muu kirjaliku tellimuse kaudu.<\/p>\n<p><b>2. Tooted ja hinnad<\/b><\/p>\n<p>K\u00f5ik hinnad on toodud eurodes (\u20ac) ja sisaldavad k\u00e4ibemaksu juhul, kui see on rakendatav. Toote hinnale v\u00f5ib lisanduda tarnekulu, kui see on m\u00e4rgitud. O\u00dc Haridusn\u00f5ustaja j\u00e4tab endale \u00f5iguse muuta toodete hindu ja kampaaniapakkumisi ette teatamata.<\/p>\n<p><b>3. Tellimuse vormistamine ja maksmine<\/b><\/p>\n<p>Tellimust saab esitada:<\/p>\n<p>&#8211; veebilehe kaudu e-poes<\/p>\n<p>&#8211; e-kirja teel aadressile haridusnoustaja@gmail.com<\/p>\n<p>Maksmine toimub arve alusel. Arve saadetakse tellimuse kinnituse j\u00e4rel e-posti teel ning makset\u00e4htaeg on 7 kalendrip\u00e4eva, kui pole kokkulepitud teisiti.<\/p>\n<p><b>4. Tarne ja kohaletoimetamine<\/b><\/p>\n<p>&#8211; Tr\u00fckised saadetakse DPD pakiautomaati \u00fcle Eesti.<\/p>\n<p>&#8211; Tarneaeg on \u00fcldjuhul 3\u20137 t\u00f6\u00f6p\u00e4eva alates arve tasumisest.<\/p>\n<p>&#8211; Digitaalsed materjalid (nt k\u00e4siraamat PDF-kujul) saadetakse e-posti teel.<\/p>\n<p>&#8211; Koolitused toimuvad vastavalt kokkulepitud kuup\u00e4evadele ja tingimustele.<\/p>\n<p><b>5. Taganemis\u00f5igus ja tagastused<\/b><\/p>\n<p>Eraisikust kliendil on \u00f5igus 14 p\u00e4eva jooksul peale kauba k\u00e4ttesaamist ostust taganeda.<\/p>\n<p>&#8211; Tagastatav toode peab olema kasutamata ja originaalpakendis.<\/p>\n<p>&#8211; Tagastamise kulud kannab klient, v\u00e4lja arvatud juhul, kui toode oli defektiga.<\/p>\n<p>&#8211; Raha tagastatakse 14 t\u00f6\u00f6p\u00e4eva jooksul p\u00e4rast tagastuse j\u00f5ustumist.<\/p>\n<p>Teenuste puhul (nt koolitused) ei ole taganemis\u00f5igus kohaldatav, kui koolitus on juba toimunud v\u00f5i toimub v\u00e4hem kui 14 p\u00e4eva p\u00e4rast ostu.<\/p>\n<p><b>6. Pretensioonide esitamine ja garantiid<\/b><\/p>\n<p>Klient v\u00f5ib esitada pretensiooni toote v\u00f5i teenuse kohta aadressil haridusnoustaja@gmail.com. O\u00dc Haridusn\u00f5ustaja vastab k\u00f5ikidele pretensioonidele hiljemalt 15 t\u00f6\u00f6p\u00e4eva jooksul. Juhul kui toode on defektiga v\u00f5i kahjustatud, pakume v\u00e4lja vahetamist, parandamist v\u00f5i raha tagastust.<\/p>\n<p><b>7. Isikuandmete t\u00f6\u00f6tlemine<\/b><\/p>\n<p>Isikuandmeid t\u00f6\u00f6deldakse vastavalt kehtivatele andmekaitsetingimustele. Kliendi andmeid kasutatakse vaid tellimuse t\u00e4itmiseks ega edastata kolmandatele osapooltele (v.a teenuse osutamiseks vajalikud partnerid, nt DPD, raamatupidaja).<\/p>\n<p><b>8. Vaidluste lahendamine<\/b><\/p>\n<p>K\u00f5ik m\u00fc\u00fcgitingimustest tulenevad vaidlused lahendatakse eelk\u00f5ige poolte kokkuleppel. Kui kokkulepet ei saavutata, on tarbijal \u00f5igus p\u00f6\u00f6rduda:<\/p>\n<p>&#8211; Tarbijavaidluste komisjoni (www.komisjon.ee)<\/p>\n<p>&#8211; Euroopa Liidu veebip\u00f5hise vaidluste lahendamise platvormile: https:\/\/ec.europa.eu\/odr<\/p>\n<p><b>9. M\u00fc\u00fcgitingimuste kehtivus ja muutmine<\/b><\/p>\n<p>O\u00dc Haridusn\u00f5ustaja v\u00f5ib tingimusi ajakohastada, avaldades uue versiooni oma veebilehel. Tellimuse vormistamisel kehtivad tellimuse hetkel veebilehel olnud tingimused.<\/p>\n<p>Kontaktandmed<\/p>\n<p>O\u00dc Haridusn\u00f5ustaja<\/p>\n<p>E-post: kerli@haridusnoustaja.com&nbsp;<\/p>\n<p>Telefon: +372 53268598<\/p>\n<p>Registrikood: 16901685<\/p>\n<p>Aadress: Tallinn, Harjumaa<\/p>\t\t\t\t\t\t\t\t<\/div>\n\t\t\t\t<\/div>\n\t\t\t\t\t<\/div>\n\t\t\t\t<\/div>\n\t\t\t\t<\/div>\n\t\t","protected":false},"excerpt":{"rendered":"<p>O\u00dc Haridusn\u00f5ustaja m\u00fc\u00fcgitingimused 1. \u00dcldised tingimused K\u00e4esolevad m\u00fc\u00fcgitingimused kehtivad O\u00dc Haridusn\u00f5ustaja (registrikood 16581790, aadress: Tallinn, Harjumaa) poolt pakutavate toodete ja teenuste ostmisel veebilehe www.haridusnoustaja.com kaudu. M\u00fc\u00fcgitingimused kehtivad k\u00f5ikide klientide suhtes, kes ostavad koolitusi, k\u00e4siraamatuid v\u00f5i muid tooteid e-poe, e-kirja v\u00f5i muu kirjaliku tellimuse kaudu. 2. Tooted ja hinnad K\u00f5ik hinnad on toodud eurodes (\u20ac) ja [&hellip;]<\/p>\n","protected":false},"author":0,"featured_media":0,"parent":0,"menu_order":0,"comment_status":"closed","ping_status":"publish","template":"","meta":{"inline_featured_image":false,"two_page_speed":[],"footnotes":""},"class_list":["post-1245","page","type-page","status-publish","hentry"],"_links":{"self":[{"href":"https:\/\/haridusnoustaja.com\/index.php?rest_route=\/wp\/v2\/pages\/1245","targetHints":{"allow":["GET"]}}],"collection":[{"href":"https:\/\/haridusnoustaja.com\/index.php?rest_route=\/wp\/v2\/pages"}],"about":[{"href":"https:\/\/haridusnoustaja.com\/index.php?rest_route=\/wp\/v2\/types\/page"}],"replies":[{"embeddable":true,"href":"https:\/\/haridusnoustaja.com\/index.php?rest_route=%2Fwp%2Fv2%2Fcomments&post=1245"}],"version-history":[{"count":0,"href":"https:\/\/haridusnoustaja.com\/index.php?rest_route=\/wp\/v2\/pages\/1245\/revisions"}],"wp:attachment":[{"href":"https:\/\/haridusnoustaja.com\/index.php?rest_route=%2Fwp%2Fv2%2Fmedia&parent=1245"}],"curies":[{"name":"wp","href":"https:\/\/api.w.org\/{rel}","templated":true}]}}