{"id":1246,"date":"2025-08-23T11:57:55","date_gmt":"2025-08-23T08:57:55","guid":{"rendered":"https:\/\/haridusnoustaja.com\/privacy-policy-2\/"},"modified":"2025-08-29T14:26:40","modified_gmt":"2025-08-29T11:26:40","slug":"privacy-policy-2","status":"publish","type":"page","link":"https:\/\/haridusnoustaja.com\/?page_id=1246","title":{"rendered":"Privacy Policy"},"content":{"rendered":"\t\t<div data-elementor-type=\"wp-page\" data-elementor-id=\"1246\" class=\"elementor elementor-1246\">\n\t\t\t\t<div class=\"elementor-element elementor-element-fyillc0c twbb_section e-flex e-con-boxed e-con e-parent\" data-id=\"fyillc0c\" data-element_type=\"container\">\n\t\t\t\t\t<div class=\"e-con-inner\">\n\t\t\t\t<div class=\"elementor-element elementor-element-dkqyyu79 elementor-widget__width-initial elementor-widget-mobile__width-inherit elementor-widget-tablet__width-initial elementor-invisible elementor-widget elementor-widget-heading\" data-id=\"dkqyyu79\" data-element_type=\"widget\" data-settings=\"{&quot;_animation&quot;:&quot;fadeInUp&quot;}\" data-widget_type=\"heading.default\">\n\t\t\t\t<div class=\"elementor-widget-container\">\n\t\t\t\t\t<h1 class=\"elementor-heading-title elementor-size-default\">O\u00dc Haridusn\u00f5ustaja privaatsustingimused ja \nisikuandmete t\u00f6\u00f6tlemise p\u00f5him\u00f5tted<\/h1>\t\t\t\t<\/div>\n\t\t\t\t<\/div>\n\t\t\t\t\t<\/div>\n\t\t\t\t<\/div>\n\t\t<div class=\"elementor-element elementor-element-e3rfjtw9 twbb_section e-flex e-con-boxed e-con e-parent\" data-id=\"e3rfjtw9\" data-element_type=\"container\">\n\t\t\t\t\t<div class=\"e-con-inner\">\n\t\t\t\t<div class=\"elementor-element elementor-element-jzgd5dv6 elementor-widget__width-initial elementor-widget-mobile__width-inherit elementor-widget-tablet__width-initial elementor-invisible elementor-widget elementor-widget-text-editor\" data-id=\"jzgd5dv6\" data-element_type=\"widget\" data-settings=\"{&quot;_animation&quot;:&quot;fadeInUp&quot;}\" data-widget_type=\"text-editor.default\">\n\t\t\t\t<div class=\"elementor-widget-container\">\n\t\t\t\t\t\t\t\t\t<p><strong>Andmet\u00f6\u00f6tleja<\/strong><\/p>\n<p>O\u00dc Haridusn\u00f5ustaja<br>Registrikood: 16901685<br>Aadress: \u00d5ism\u00e4e tee 102, 13513 Tallinn<br>E-post: kerli@haridusnoustaja.com <br>Telefon: +372 53268598<br>Veeb: https:\/\/haridusnoustaja.com<\/p>\n<p>O\u00dc Haridusn\u00f5ustaja j\u00e4rgib isikuandmete t\u00f6\u00f6tlemisel aususe, l\u00e4bipaistvuse ja andmesubjekti \u00f5iguste kaitse p\u00f5him\u00f5tteid. K\u00f5ik andmeid kogutakse eesm\u00e4rgip\u00e4raselt ning vastavalt Euroopa Liidu isikuandmete kaitse \u00fcldm\u00e4\u00e4rusele (GDPR) ja Eesti Vabariigi ja Euroopa Liidu kehtivale seadusandlusele.<\/p>\n<p><b>1. Isikuandmete kogumine ja kasutamine<br><\/b>Kogutavad andmed v\u00f5ivad sisaldada j\u00e4rgnevaid andmekategooriaid, s\u00f5ltuvalt teenusest v\u00f5i kontaktivormist:<br>&#8211; Nimi, e-posti aadress, telefoninumber<br>&#8211; T\u00f6\u00f6koht v\u00f5i haridusasutus, ametikoht<br>&#8211; Postiaadress ja arveldusandmed<br>&#8211; Veebilehe kasutusandmed (nt IP-aadress, brauseri t\u00fc\u00fcp, seansi kestus)<br>&#8211; Uuringute v\u00f5i tagasiside tulemused (vajadusel anon\u00fc\u00fcmsena)<br>Andmeid kogutakse n\u00e4iteks j\u00e4rgmistel juhtudel: toote v\u00f5i koolituse tellimine, teenusele registreerumine, uudiskirjaga liitumine v\u00f5i p\u00e4ringu saatmine.<\/p>\n<p>Isikuandmeid kogutakse eesm\u00e4rgip\u00e4raselt ja minimaalselt j\u00e4rgmistel juhtudel:<br>&#8211; e-poe kaudu k\u00e4siraamatu v\u00f5i toote tellimine<br>&#8211; koolitusele, e-kursusele v\u00f5i n\u00f5ustamisele registreerumine<br>&#8211; uudiskirjaga liitumine<br>&#8211; veebivormi t\u00e4itmine v\u00f5i e-posti teel suhtlemine<br>&#8211; veebilehe k\u00fclastamisel k\u00fcpsiste kaudu<\/p>\n<p><b>2. T\u00f6\u00f6tlemise eesm\u00e4rgid ja \u00f5iguslik alus<\/b><\/p>\n<p>T\u00f6\u00f6tleme isikuandmeid j\u00e4rgmiste eesm\u00e4rkide ja \u00f5iguslike aluste alusel vastavalt GDPR artiklile 6:<br>&#8211; Lepingu t\u00e4itmine \u2013 nt koolituse registreerimine ja teenuse osutamine.<br>&#8211; \u00d5igustatud huvi \u2013 nt teenuste arendamine, tagasiside kogumine.<br>&#8211; N\u00f5usolek \u2013 nt turunduslik uudiskiri v\u00f5i k\u00fcsitluses osalemine.<br>&#8211; \u00d5iguslik kohustus \u2013 nt raamatupidamiskohustus.<\/p>\n<p>T\u00e4iendavalt v\u00f5idakse isikuandmeid t\u00f6\u00f6delda n\u00f5ustamisteenuse k\u00e4igus:<br>&#8211; \u00f5ppimiseesm\u00e4rkide ja vajaduste kaardistamiseks<br>&#8211; n\u00f5ustamise ja koolituse personaliseerimiseks<br>&#8211; teenuse kvaliteedi ja statistika arendamiseks (anon\u00fc\u00fcmsel kujul)<\/p>\n<p><b>3. Isikuandmete s\u00e4ilitamine ja turvalisus<br><\/b>O\u00dc Haridusn\u00f5ustaja kasutab tehnilisi ja organisatsioonilisi turvameetmeid, sealhulgas:<br>&#8211; SSL-kr\u00fcpteeritud andmeedastus<br>&#8211; Turvaline serverite ja pilveteenuste kasutamine<br>&#8211; Ligip\u00e4\u00e4sulogid ja juurdep\u00e4\u00e4su piirangud ainult volitatud isikutele<br>&#8211; Regulaarne varundamine ja turvauuendused<br>Isikuandmeid s\u00e4ilitatakse nii kaua, kui see on vajalik kogumise eesm\u00e4rgi t\u00e4itmiseks v\u00f5i seadusest tulenevalt.<\/p>\n<p>S\u00e4ilitust\u00e4htajad:<br>&#8211; Raamatupidamisdokumendid (nt arved) \u2013 7 aastat (Raamatupidamise seadus \u00a712).<br>&#8211; Koolituste registreerimisandmed \u2013 kuni 3 aastat p\u00e4rast teenuse l\u00f5ppu.<br>&#8211; Uudiskirja andmed \u2013 kuni n\u00f5usoleku tagasiv\u00f5tmiseni.<br>&#8211; Tagasiside ja n\u00f5ustamise info \u2013 kuni 3 aastat v\u00f5i anon\u00fc\u00fcmitult kauem.<br>&#8211; Veebianal\u00fc\u00fctika ja teenusearendus \u2013 kuni 1 aasta.<br>Kasutusel on tehnilised ja organisatoorsed meetmed:<br>&#8211; andmete kr\u00fcpteerimine<br>&#8211; piiratud juurdep\u00e4\u00e4s<br>&#8211; turvalised pilveteenused<\/p>\n<p><b>4. Andmete jagamine ja volitatud t\u00f6\u00f6tlejad<br><\/b>Isikuandmeid ei jagata kolmandatele isikutele ilma andmesubjekti eelneva n\u00f5usolekuta, v.a:<br>&#8211; koost\u00f6\u00f6partnerid (logistika, makselahendused, veebihaldus)<br>&#8211; IT-teenuste ja koolitustarkvara pakkujad<br>&#8211; raamatupidajad v\u00f5i juristid seadusest tulenevatel juhtudel<br><\/p>\n<p><b>5. Andmesubjekti \u00f5igused<br><\/b>Isikul on igal ajal \u00f5igus:<br>&#8211; saada teavet enda andmete kohta<br>&#8211; n\u00f5uda andmete parandamist v\u00f5i kustutamist<br>&#8211; piirata t\u00f6\u00f6tlemist v\u00f5i esitada vastuv\u00e4iteid<br>&#8211; v\u00f5tta tagasi n\u00f5usolek (nt turunduse osas)<br>&#8211; n\u00f5uda andmete \u00fclekandmist<br>&#8211; esitada kaebus Andmekaitse Inspektsioonile (www.aki.ee)<br>Taotlustele vastame esimesel v\u00f5imalusel, kuid hiljemalt 30 kalendrip\u00e4eva jooksul alates n\u00f5uetekohase p\u00e4ringu laekumisest.<br>Kui sul on k\u00fcsimusi v\u00f5i muresid seoses isikuandmete t\u00f6\u00f6tlemisega, v\u00f5ta julgelt \u00fchendust.<br>Kontakt: kerli@haridusnoustaja.com<\/p>\n<p><b>6. K\u00fcpsised (cookies)<br><\/b>Veebileht kasutab k\u00fcpsiseid, et:<br>&#8211; tagada paremat kasutajakogemust<br>&#8211; anal\u00fc\u00fcsida veebilehe kasutatavust<br>&#8211; pakkuda asjakohasemat sisu ja reklaame<br>K\u00fcpsiste kasutamine toimub koosk\u00f5las kehtivate \u00f5igusaktidega. Kasutaja saab k\u00fcpsiste seadistusi muuta oma veebilehitsejas.<\/p>\n<p><b>7. Laste isikuandmete t\u00f6\u00f6tlemine<br><\/b>O\u00dc Haridusn\u00f5ustaja teenused on suunatud ka laste arengut ja haridust toetavatele t\u00e4iskasvanutele ning teatud juhtudel v\u00f5ib andmet\u00f6\u00f6tlus h\u00f5lmata alaealiste andmeid (nt n\u00f5ustamise k\u00e4igus).<br>Sellisel juhul t\u00f6\u00f6tleme lapse isikuandmeid j\u00e4rgmiselt:<br>&#8211; \u00fcksnes koos vanema, eestkostja v\u00f5i seadusliku esindaja n\u00f5usolekuga;<br>&#8211; eesm\u00e4rgip\u00e4raselt \u2013 n\u00f5ustamise, arengu j\u00e4lgimise v\u00f5i koolituse kontekstis;<br>&#8211; mitte turunduslikel eesm\u00e4rkidel;<br>&#8211; turvameetmete alusel, mis tagavad, et andmetele p\u00e4\u00e4sevad ligi ainult volitatud spetsialistid.<br>Kui m\u00e4rkame, et lapse andmeid on kogutud ilma seadusliku aluse ja n\u00f5usolekuta, kustutame need viivitamata ning teavitame vajadusel vanemat v\u00f5i vastavat asutust.<\/p>\n<p><b>8. Privaatsustingimuste muudatused<br><\/b>O\u00dc Haridusn\u00f5ustaja j\u00e4tab endale \u00f5iguse muuta privaatsustingimusi, et kajastada muudatusi seadustes v\u00f5i teenustes. Olulisematest muudatustest teavitatakse veebilehel v\u00f5i e-posti teel.<\/p>\n<p><b>Viimati uuendatud: 24. august 2025<\/b><\/p>\t\t\t\t\t\t\t\t<\/div>\n\t\t\t\t<\/div>\n\t\t\t\t\t<\/div>\n\t\t\t\t<\/div>\n\t\t\t\t<\/div>\n\t\t","protected":false},"excerpt":{"rendered":"<p>O\u00dc Haridusn\u00f5ustaja privaatsustingimused ja isikuandmete t\u00f6\u00f6tlemise p\u00f5him\u00f5tted Andmet\u00f6\u00f6tleja O\u00dc Haridusn\u00f5ustajaRegistrikood: 16901685Aadress: \u00d5ism\u00e4e tee 102, 13513 TallinnE-post: kerli@haridusnoustaja.com Telefon: +372 53268598Veeb: https:\/\/haridusnoustaja.com O\u00dc Haridusn\u00f5ustaja j\u00e4rgib isikuandmete t\u00f6\u00f6tlemisel aususe, l\u00e4bipaistvuse ja andmesubjekti \u00f5iguste kaitse p\u00f5him\u00f5tteid. K\u00f5ik andmeid kogutakse eesm\u00e4rgip\u00e4raselt ning vastavalt Euroopa Liidu isikuandmete kaitse \u00fcldm\u00e4\u00e4rusele (GDPR) ja Eesti Vabariigi ja Euroopa Liidu kehtivale seadusandlusele. 1. Isikuandmete [&hellip;]<\/p>\n","protected":false},"author":0,"featured_media":0,"parent":0,"menu_order":0,"comment_status":"closed","ping_status":"publish","template":"","meta":{"inline_featured_image":false,"two_page_speed":[],"footnotes":""},"class_list":["post-1246","page","type-page","status-publish","hentry"],"_links":{"self":[{"href":"https:\/\/haridusnoustaja.com\/index.php?rest_route=\/wp\/v2\/pages\/1246","targetHints":{"allow":["GET"]}}],"collection":[{"href":"https:\/\/haridusnoustaja.com\/index.php?rest_route=\/wp\/v2\/pages"}],"about":[{"href":"https:\/\/haridusnoustaja.com\/index.php?rest_route=\/wp\/v2\/types\/page"}],"replies":[{"embeddable":true,"href":"https:\/\/haridusnoustaja.com\/index.php?rest_route=%2Fwp%2Fv2%2Fcomments&post=1246"}],"version-history":[{"count":0,"href":"https:\/\/haridusnoustaja.com\/index.php?rest_route=\/wp\/v2\/pages\/1246\/revisions"}],"wp:attachment":[{"href":"https:\/\/haridusnoustaja.com\/index.php?rest_route=%2Fwp%2Fv2%2Fmedia&parent=1246"}],"curies":[{"name":"wp","href":"https:\/\/api.w.org\/{rel}","templated":true}]}}