{"id":1399,"date":"2025-08-29T12:00:40","date_gmt":"2025-08-29T09:00:40","guid":{"rendered":"https:\/\/haridusnoustaja.com\/?page_id=1399"},"modified":"2025-09-07T12:28:59","modified_gmt":"2025-09-07T09:28:59","slug":"lapsevanemale","status":"publish","type":"page","link":"https:\/\/haridusnoustaja.com\/?page_id=1399","title":{"rendered":"Lapsevanemale"},"content":{"rendered":"\t\t<div data-elementor-type=\"wp-page\" data-elementor-id=\"1399\" class=\"elementor elementor-1399\">\n\t\t\t\t<div class=\"elementor-element elementor-element-30d6af24 twbb_section e-flex e-con-boxed e-con e-parent\" data-id=\"30d6af24\" data-element_type=\"container\">\n\t\t\t\t\t<div class=\"e-con-inner\">\n\t\t\t\t<div class=\"elementor-element elementor-element-e45cd7b elementor-widget__width-initial elementor-widget-mobile__width-inherit elementor-widget-tablet__width-initial elementor-invisible elementor-widget elementor-widget-heading\" data-id=\"e45cd7b\" data-element_type=\"widget\" data-settings=\"{&quot;_animation&quot;:&quot;fadeInUp&quot;}\" data-widget_type=\"heading.default\">\n\t\t\t\t<div class=\"elementor-widget-container\">\n\t\t\t\t\t<h2 class=\"elementor-heading-title elementor-size-default\">Toetav n\u00f5ustamine lapsevanemale \u2013 et sa ei peaks k\u00f5ike \u00fcksi v\u00e4lja m\u00f5tlema<\/h2>\t\t\t\t<\/div>\n\t\t\t\t<\/div>\n\t\t<div class=\"elementor-element elementor-element-245ab5f3 e-con-full e-flex e-con e-child\" data-id=\"245ab5f3\" data-element_type=\"container\">\n\t\t<div class=\"elementor-element elementor-element-f5d5281 e-con-full e-flex e-con e-child\" data-id=\"f5d5281\" data-element_type=\"container\">\n\t\t\t\t<div class=\"elementor-element elementor-element-bc07a1f elementor-widget__width-initial elementor-widget-mobile__width-inherit elementor-widget-tablet__width-initial elementor-invisible elementor-widget elementor-widget-text-editor\" data-id=\"bc07a1f\" data-element_type=\"widget\" data-settings=\"{&quot;_animation&quot;:&quot;fadeInUp&quot;}\" data-widget_type=\"text-editor.default\">\n\t\t\t\t<div class=\"elementor-widget-container\">\n\t\t\t\t\t\t\t\t\t<p>Kui tunned, et tahaksid paremini m\u00f5ista oma last v\u00f5i toetada teda keerulisel hetkel, siis sa ei pea seda tegema \u00fcksi. Olen siin, et aidata sul leida selgus, rahu ja praktilised sammud edasi liikumiseks.<\/p>\t\t\t\t\t\t\t\t<\/div>\n\t\t\t\t<\/div>\n\t\t\t\t<div class=\"elementor-element elementor-element-1d7ab7d6 elementor-widget__width-initial elementor-widget-mobile__width-inherit elementor-widget-tablet__width-initial twbb_cta-button-wrapper-left twbb_cta-valign-align-top twbb_cta-button-wrapper-left twbb_cta-button-wrapper-center twbb_cta-position-button-bottom twbb_cta-tablet-position-button-bottom twbb_cta-mobile-position-button-bottom elementor-invisible elementor-widget elementor-widget-twbb_call-to-action\" data-id=\"1d7ab7d6\" data-element_type=\"widget\" data-settings=\"{&quot;_animation&quot;:&quot;fadeInUp&quot;}\" data-widget_type=\"twbb_call-to-action.default\">\n\t\t\t\t<div class=\"elementor-widget-container\">\n\t\t\t\t\t    <div  class=\"twbb_cta-wrapper \">\n      <div class=\"twbb_cta-content-wrapper \">\n    <div class=\"twbb_cta-content-inner\">\n          <\/div>\n    <div class=\"twbb_cta-button-wrapper\">\n        <div class=\"twbb_cta-buttons\">\n              <div class=\"twbb_cta-button-item twbb_cta-button-item__one twbb_cta-button-enable-yes\">\n          <a href=\"https:\/\/haridusnoustaja.com\/Kontakt\" class=\"elementor-button twbb_cta-button elementor-size- twbb_cta-button__one\"            >V\u00f5tan \u00fchendust ja k\u00fcsin n\u00f5ustamisaega<\/a>\n        <\/div>\n                        <\/div>\n    <\/div>\n  <\/div>\n        <\/div>\n\t\t\t\t<\/div>\n\t\t\t\t<\/div>\n\t\t\t\t<\/div>\n\t\t<div class=\"elementor-element elementor-element-7baa5bcb e-con-full e-flex e-con e-child\" data-id=\"7baa5bcb\" data-element_type=\"container\">\n\t\t\t\t<div class=\"elementor-element elementor-element-3b72b720 elementor-widget__width-initial elementor-widget-mobile__width-inherit elementor-widget-tablet__width-initial elementor-widget elementor-widget-image\" data-id=\"3b72b720\" data-element_type=\"widget\" data-widget_type=\"image.default\">\n\t\t\t\t<div class=\"elementor-widget-container\">\n\t\t\t\t\t\t\t\t\t\t\t\t\t\t\t<img decoding=\"async\" src=\"https:\/\/ai20-templates-prod.s3.amazonaws.com\/jFZLEGScwQLYuDLxUiJ6iOhIoydfss6a\/tenweb_media_snyorjfzy.webp\" title=\"\" alt=\"A parent smiling and hugging their child in a sunny park.\" loading=\"lazy\" \/>\t\t\t\t\t\t\t\t\t\t\t\t\t\t\t<\/div>\n\t\t\t\t<\/div>\n\t\t\t\t<\/div>\n\t\t\t\t<\/div>\n\t\t\t\t\t<\/div>\n\t\t\t\t<\/div>\n\t\t<div class=\"elementor-element elementor-element-4ee5484e twbb_section e-flex e-con-boxed e-con e-parent\" data-id=\"4ee5484e\" data-element_type=\"container\">\n\t\t\t\t\t<div class=\"e-con-inner\">\n\t\t<div class=\"elementor-element elementor-element-27f7353 e-con-full e-flex e-con e-child\" data-id=\"27f7353\" data-element_type=\"container\">\n\t\t\t\t<div class=\"elementor-element elementor-element-27825e82 elementor-widget__width-initial elementor-widget-mobile__width-inherit elementor-widget-tablet__width-initial elementor-invisible elementor-widget elementor-widget-heading\" data-id=\"27825e82\" data-element_type=\"widget\" data-settings=\"{&quot;_animation&quot;:&quot;fadeInUp&quot;}\" data-widget_type=\"heading.default\">\n\t\t\t\t<div class=\"elementor-widget-container\">\n\t\t\t\t\t<h2 class=\"elementor-heading-title elementor-size-default\">Lapsevanemaks olemine pole lihtne \u2013 aga sa ei pea k\u00f5ike ise kandma<\/h2>\t\t\t\t<\/div>\n\t\t\t\t<\/div>\n\t\t\t\t<div class=\"elementor-element elementor-element-357227eb elementor-widget__width-initial elementor-widget-mobile__width-inherit elementor-widget-tablet__width-initial elementor-invisible elementor-widget elementor-widget-text-editor\" data-id=\"357227eb\" data-element_type=\"widget\" data-settings=\"{&quot;_animation&quot;:&quot;fadeInUp&quot;}\" data-widget_type=\"text-editor.default\">\n\t\t\t\t<div class=\"elementor-widget-container\">\n\t\t\t\t\t\t\t\t\t<p><span lang=\"de-DE\">Ma olen siin, et aidata sul leida vastused \u2013 ilma hinnangute ja s\u00fc\u00fcdistuseta. Koos loome m\u00f5istmist, rahu ja konkreetseid t\u00f6\u00f6riistu, mis aitavad sul oma lapsega paremat kontakti saada ja ennast vanemana kindlamalt tunda.<\/span><\/p>\t\t\t\t\t\t\t\t<\/div>\n\t\t\t\t<\/div>\n\t\t\t\t<\/div>\n\t\t<div class=\"elementor-element elementor-element-0a7b395 e-con-full e-flex e-con e-child\" data-id=\"0a7b395\" data-element_type=\"container\">\n\t\t\t\t<div class=\"elementor-element elementor-element-16af2d0 elementor-widget__width-initial elementor-widget-mobile__width-inherit elementor-widget-tablet__width-initial elementor-invisible elementor-widget elementor-widget-text-editor\" data-id=\"16af2d0\" data-element_type=\"widget\" data-settings=\"{&quot;_animation&quot;:&quot;fadeInUp&quot;}\" data-widget_type=\"text-editor.default\">\n\t\t\t\t<div class=\"elementor-widget-container\">\n\t\t\t\t\t\t\t\t\t<p><span lang=\"de-DE\"><strong>Iga vanem<\/strong> on olnud olukorras, kus ta m\u00f5tleb:<\/span><\/p><p><span lang=\"de-DE\"><br \/>&#8220;Kas ma teen piisavalt?&#8221;<br \/>&#8220;Miks mu laps nii k\u00e4itub?&#8221;<br \/>&#8220;Kuidas ma saaksin teda paremini toetada?&#8221;<\/span><\/p>\t\t\t\t\t\t\t\t<\/div>\n\t\t\t\t<\/div>\n\t\t\t\t<\/div>\n\t\t\t\t\t<\/div>\n\t\t\t\t<\/div>\n\t\t<div class=\"elementor-element elementor-element-738fa78 twbb_section e-flex e-con-boxed e-con e-parent\" data-id=\"738fa78\" data-element_type=\"container\">\n\t\t\t\t\t<div class=\"e-con-inner\">\n\t\t<div class=\"elementor-element elementor-element-3bea9b61 e-con-full e-flex e-con e-child\" data-id=\"3bea9b61\" data-element_type=\"container\">\n\t\t\t\t<div class=\"elementor-element elementor-element-7c38545c elementor-widget__width-initial elementor-widget-mobile__width-inherit elementor-widget-tablet__width-initial elementor-view-default elementor-position-top elementor-mobile-position-top elementor-widget elementor-widget-icon-box\" data-id=\"7c38545c\" data-element_type=\"widget\" data-widget_type=\"icon-box.default\">\n\t\t\t\t<div class=\"elementor-widget-container\">\n\t\t\t\t\t\t\t<div class=\"elementor-icon-box-wrapper\">\n\n\t\t\t\t\t\t<div class=\"elementor-icon-box-icon\">\n\t\t\t\t<span  class=\"elementor-icon\">\n\t\t\t\t<svg aria-hidden=\"true\" class=\"e-font-icon-svg e-fas-chalkboard-teacher\" viewBox=\"0 0 640 512\" xmlns=\"http:\/\/www.w3.org\/2000\/svg\"><path d=\"M208 352c-2.39 0-4.78.35-7.06 1.09C187.98 357.3 174.35 360 160 360c-14.35 0-27.98-2.7-40.95-6.91-2.28-.74-4.66-1.09-7.05-1.09C49.94 352-.33 402.48 0 464.62.14 490.88 21.73 512 48 512h224c26.27 0 47.86-21.12 48-47.38.33-62.14-49.94-112.62-112-112.62zm-48-32c53.02 0 96-42.98 96-96s-42.98-96-96-96-96 42.98-96 96 42.98 96 96 96zM592 0H208c-26.47 0-48 22.25-48 49.59V96c23.42 0 45.1 6.78 64 17.8V64h352v288h-64v-64H384v64h-76.24c19.1 16.69 33.12 38.73 39.69 64H592c26.47 0 48-22.25 48-49.59V49.59C640 22.25 618.47 0 592 0z\"><\/path><\/svg>\t\t\t\t<\/span>\n\t\t\t<\/div>\n\t\t\t\n\t\t\t\t\t\t<div class=\"elementor-icon-box-content\">\n\n\t\t\t\t\t\t\t\t\t<h3 class=\"elementor-icon-box-title\">\n\t\t\t\t\t\t<span  >\n\t\t\t\t\t\t\tIndividuaalne lapsevanema n\u00f5ustamine\t\t\t\t\t\t<\/span>\n\t\t\t\t\t<\/h3>\n\t\t\t\t\n\t\t\t\t\t\t\t\t\t<p class=\"elementor-icon-box-description\">\n\t\t\t\t\t\tArutame sinu konkreetset olukorda \u2013 olgu see seotud lapse k\u00e4itumise, tunnete, kohanemise v\u00f5i arengu teemadega. Saad selgust, praktilisi soovitusi ja emotsionaalset tuge.\t\t\t\t\t<\/p>\n\t\t\t\t\n\t\t\t<\/div>\n\t\t\t\n\t\t<\/div>\n\t\t\t\t\t\t<\/div>\n\t\t\t\t<\/div>\n\t\t\t\t<\/div>\n\t\t<div class=\"elementor-element elementor-element-55836d1a e-con-full e-flex e-con e-child\" data-id=\"55836d1a\" data-element_type=\"container\">\n\t\t\t\t<div class=\"elementor-element elementor-element-2e64fd1d elementor-widget__width-initial elementor-widget-mobile__width-inherit elementor-widget-tablet__width-initial elementor-view-default elementor-position-top elementor-mobile-position-top elementor-widget elementor-widget-icon-box\" data-id=\"2e64fd1d\" data-element_type=\"widget\" data-widget_type=\"icon-box.default\">\n\t\t\t\t<div class=\"elementor-widget-container\">\n\t\t\t\t\t\t\t<div class=\"elementor-icon-box-wrapper\">\n\n\t\t\t\t\t\t<div class=\"elementor-icon-box-icon\">\n\t\t\t\t<span  class=\"elementor-icon\">\n\t\t\t\t<svg aria-hidden=\"true\" class=\"e-font-icon-svg e-fas-child\" viewBox=\"0 0 384 512\" xmlns=\"http:\/\/www.w3.org\/2000\/svg\"><path d=\"M120 72c0-39.765 32.235-72 72-72s72 32.235 72 72c0 39.764-32.235 72-72 72s-72-32.236-72-72zm254.627 1.373c-12.496-12.497-32.758-12.497-45.254 0L242.745 160H141.254L54.627 73.373c-12.496-12.497-32.758-12.497-45.254 0-12.497 12.497-12.497 32.758 0 45.255L104 213.254V480c0 17.673 14.327 32 32 32h16c17.673 0 32-14.327 32-32V368h16v112c0 17.673 14.327 32 32 32h16c17.673 0 32-14.327 32-32V213.254l94.627-94.627c12.497-12.497 12.497-32.757 0-45.254z\"><\/path><\/svg>\t\t\t\t<\/span>\n\t\t\t<\/div>\n\t\t\t\n\t\t\t\t\t\t<div class=\"elementor-icon-box-content\">\n\n\t\t\t\t\t\t\t\t\t<h3 class=\"elementor-icon-box-title\">\n\t\t\t\t\t\t<span  >\n\t\t\t\t\t\t\tFookuses laps\t\t\t\t\t\t<\/span>\n\t\t\t\t\t<\/h3>\n\t\t\t\t\n\t\t\t\t\t\t\t\t\t<p class=\"elementor-icon-box-description\">\n\t\t\t\t\t\tSoovi korral viin l\u00e4bi ka vestluse\/l\u00e4bivaatuse lapsega, et m\u00f5ista paremini tema vaatenurka ning anda sulle kui vanemale tagasisidet ja soovitusi, kuidas edasi liikuda.\n Soovi korral saan last toetada ka m\u00e4nguteraapia v\u00f5tetes. Kui tundub, et laps vajab s\u00fcgavamat emotsionaalset tuge v\u00f5i v\u00e4ljendusv\u00f5imalust m\u00e4ngu kaudu, siis saame arutada v\u00f5imalust kaasata m\u00e4nguteraapia elemente. M\u00e4nguteraapia kohta info l\u00e4hemalt (see on button)\n\t\t\t\t\t<\/p>\n\t\t\t\t\n\t\t\t<\/div>\n\t\t\t\n\t\t<\/div>\n\t\t\t\t\t\t<\/div>\n\t\t\t\t<\/div>\n\t\t\t\t<div class=\"elementor-element elementor-element-ae00056 elementor-widget elementor-widget-button\" data-id=\"ae00056\" data-element_type=\"widget\" data-widget_type=\"button.default\">\n\t\t\t\t<div class=\"elementor-widget-container\">\n\t\t\t\t\t\t\t\t\t<div class=\"elementor-button-wrapper\">\n\t\t\t\t\t<a class=\"elementor-button elementor-button-link elementor-size-sm\" href=\"https:\/\/haridusnoustaja.com\/manguteraapia\/\">\n\t\t\t\t\t\t<span class=\"elementor-button-content-wrapper\">\n\t\t\t\t\t\t\t\t\t<span class=\"elementor-button-text\">M\u00e4nguteraapia kohta info l\u00e4hemalt<\/span>\n\t\t\t\t\t<\/span>\n\t\t\t\t\t<\/a>\n\t\t\t\t<\/div>\n\t\t\t\t\t\t\t\t<\/div>\n\t\t\t\t<\/div>\n\t\t\t\t<\/div>\n\t\t\t\t\t<\/div>\n\t\t\t\t<\/div>\n\t\t<div class=\"elementor-element elementor-element-8d6c266 e-flex e-con-boxed e-con e-parent\" data-id=\"8d6c266\" data-element_type=\"container\">\n\t\t\t\t\t<div class=\"e-con-inner\">\n\t\t\t\t<div class=\"elementor-element elementor-element-7a38cc6 elementor-widget elementor-widget-text-editor\" data-id=\"7a38cc6\" data-element_type=\"widget\" data-widget_type=\"text-editor.default\">\n\t\t\t\t<div class=\"elementor-widget-container\">\n\t\t\t\t\t\t\t\t\t<p>K\u00f5ik teenused on personaalsed ja l\u00e4htuvad just sinu ja sinu lapse vajadustest. Tule, r\u00e4\u00e4gime!<\/p>\t\t\t\t\t\t\t\t<\/div>\n\t\t\t\t<\/div>\n\t\t\t\t\t<\/div>\n\t\t\t\t<\/div>\n\t\t<div class=\"elementor-element elementor-element-51264915 twbb_section twbb_testimonials_2 e-flex e-con-boxed e-con e-parent\" data-id=\"51264915\" data-element_type=\"container\">\n\t\t\t\t\t<div class=\"e-con-inner\">\n\t\t\t\t<div class=\"elementor-element elementor-element-58ea234a elementor-widget__width-initial elementor-widget-mobile__width-inherit elementor-widget-tablet__width-initial elementor-invisible elementor-widget elementor-widget-heading\" data-id=\"58ea234a\" data-element_type=\"widget\" data-settings=\"{&quot;_animation&quot;:&quot;fadeInUp&quot;}\" data-widget_type=\"heading.default\">\n\t\t\t\t<div class=\"elementor-widget-container\">\n\t\t\t\t\t<h2 class=\"elementor-heading-title elementor-size-default\">Mida lapsevanemad on \u00f6elnud?<\/h2>\t\t\t\t<\/div>\n\t\t\t\t<\/div>\n\t\t<div class=\"elementor-element elementor-element-69bec940 e-con-full e-flex e-con e-child\" data-id=\"69bec940\" data-element_type=\"container\">\n\t\t\t\t<div class=\"elementor-element elementor-element-27e398b5 elementor-widget__width-initial elementor-widget-mobile__width-inherit elementor-widget-tablet__width-initial tenweb-widget-slider-no elementor-grid-view-grid elementor-grid-2 elementor-grid-tablet-2 elementor-grid-mobile-1 twbb-testimonial-author-image-top twbb-testimonial-author-text-center twbb-testimonial-author-text-tablet-left twbb-testimonial-author-text-mobile-center twbb-testimonial-company-logo-above_quote testimonial-hover-animation-none elementor-widget elementor-widget-twbb_ai_testimonials\" data-id=\"27e398b5\" data-element_type=\"widget\" data-settings=\"{&quot;skin_1_show_graphic_element&quot;:&quot;no&quot;,&quot;skin_1_show_graphic_element_tablet&quot;:&quot;no&quot;,&quot;skin_1_show_graphic_element_mobile&quot;:&quot;no&quot;,&quot;skin_1_column_gap&quot;:{&quot;unit&quot;:&quot;px&quot;,&quot;size&quot;:48,&quot;sizes&quot;:[]},&quot;skin_1_column_gap_tablet&quot;:{&quot;unit&quot;:&quot;px&quot;,&quot;size&quot;:&quot;&quot;,&quot;sizes&quot;:[]},&quot;skin_1_column_gap_mobile&quot;:{&quot;unit&quot;:&quot;px&quot;,&quot;size&quot;:48,&quot;sizes&quot;:[]}}\" data-widget_type=\"twbb_ai_testimonials.skin_1\">\n\t\t\t\t<div class=\"elementor-widget-container\">\n\t\t\t\t\t        <div class=\"twbb-testimonial twbb-testimonial-view-grid\">\n                            <div class=\"twbb-testimonial-grid elementor-grid\">\n                            <div class=\"elementor-grid-item twbb-testimonial-content twbb-testimonial-item elementor-repeater-item-79a2d77\">\n                        <div class=\"twbb-testimonial-content2\">\n                        <div class=\"twbb-testimonial-quote-wrapper\">\n                        <div class=\"twbb-testimonial-quote\">\u201cP\u00e4rast meie vestlust tundsin, et sain l\u00f5puks ometi aru, miks mu laps nii k\u00e4itub. Sul oli nii rahulik ja toetav viis asju selgitada. Ait\u00e4h sulle kogu s\u00fcdamest!\u201d<\/div>\n        <\/div>\n                <div class=\"twbb-testimonial-avatar\">\n            <div class=\"twbb-testimonial-avatar-wrapper\">\n                            <div class=\"twbb-testimonial-avatar-image\">\n                <img decoding=\"async\" src=\"https:\/\/haridusnoustaja.com\/wp-content\/plugins\/tenweb-builder\/assets\/images\/ai_testimonial_avatar.jpg\" alt=\"Kaire\">\n            <\/div>\n                            <div class=\"twbb-testimonial-avatar-content\">\n                    <div class=\"twbb-testimonial-text\">Kaire<\/div>\n                    <div class=\"twbb-testimonial-text2\">\n                        6-aastase lapse ema                    <\/div>\n                <\/div>\n            <\/div>\n\n                    <\/div>\n                    <\/div>\n        <\/div>\n                <div class=\"elementor-grid-item twbb-testimonial-content twbb-testimonial-item elementor-repeater-item-79a2d77 twbb-testimonial-content twbb-testimonial-item elementor-repeater-item-e679274\">\n                        <div class=\"twbb-testimonial-content2\">\n                        <div class=\"twbb-testimonial-quote-wrapper\">\n                        <div class=\"twbb-testimonial-quote\">\u201cMeie pere jaoks muutus palju. Ma ei arvanud, et \u00fchest n\u00f5ustamisest v\u00f5iks nii palju abi olla.\u201d<\/div>\n        <\/div>\n                <div class=\"twbb-testimonial-avatar\">\n            <div class=\"twbb-testimonial-avatar-wrapper\">\n                            <div class=\"twbb-testimonial-avatar-image\">\n                <img decoding=\"async\" src=\"https:\/\/haridusnoustaja.com\/wp-content\/plugins\/tenweb-builder\/assets\/images\/ai_testimonial_avatar.jpg\" alt=\"Marko\">\n            <\/div>\n                            <div class=\"twbb-testimonial-avatar-content\">\n                    <div class=\"twbb-testimonial-text\">Marko<\/div>\n                    <div class=\"twbb-testimonial-text2\">\n                        4-aastase poisi isa                    <\/div>\n                <\/div>\n            <\/div>\n\n                    <\/div>\n                    <\/div>\n        <\/div>\n                        <\/div>\n                    <\/div>\n        \t\t\t\t<\/div>\n\t\t\t\t<\/div>\n\t\t\t\t<\/div>\n\t\t\t\t\t<\/div>\n\t\t\t\t<\/div>\n\t\t<div class=\"elementor-element elementor-element-6ad6fb07 twbb_section e-flex e-con-boxed e-con e-parent\" data-id=\"6ad6fb07\" data-element_type=\"container\">\n\t\t\t\t\t<div class=\"e-con-inner\">\n\t\t\t\t<div class=\"elementor-element elementor-element-7726c88b elementor-widget__width-initial elementor-widget-mobile__width-inherit elementor-widget-tablet__width-initial elementor-invisible elementor-widget elementor-widget-heading\" data-id=\"7726c88b\" data-element_type=\"widget\" data-settings=\"{&quot;_animation&quot;:&quot;fadeInUp&quot;}\" data-widget_type=\"heading.default\">\n\t\t\t\t<div class=\"elementor-widget-container\">\n\t\t\t\t\t<h2 class=\"elementor-heading-title elementor-size-default\">Soovid arutada oma olukorda ja k\u00fcsida n\u00f5u?<\/h2>\t\t\t\t<\/div>\n\t\t\t\t<\/div>\n\t\t\t\t<div class=\"elementor-element elementor-element-5cc70828 elementor-widget__width-initial elementor-widget-mobile__width-inherit elementor-widget-tablet__width-initial twbb_cta-button-wrapper-center twbb_cta-valign-align-top twbb_cta-button-wrapper-center twbb_cta-button-wrapper-center twbb_cta-position-button-bottom twbb_cta-tablet-position-button-bottom twbb_cta-mobile-position-button-bottom elementor-invisible elementor-widget elementor-widget-twbb_call-to-action\" data-id=\"5cc70828\" data-element_type=\"widget\" data-settings=\"{&quot;_animation&quot;:&quot;fadeInUp&quot;}\" data-widget_type=\"twbb_call-to-action.default\">\n\t\t\t\t<div class=\"elementor-widget-container\">\n\t\t\t\t\t    <div  class=\"twbb_cta-wrapper \">\n      <div class=\"twbb_cta-content-wrapper \">\n    <div class=\"twbb_cta-content-inner\">\n                <div class=\"twbb_cta-description\">V\u00f5ta minuga \u00fchendust \u2013 r\u00e4\u00e4gime sinu murest v\u00f5i k\u00fcsimusest ning leiame koos tee, mis oleks sinu ja su lapse jaoks parim.\nIga samm loeb.<\/div>\n              <\/div>\n    <div class=\"twbb_cta-button-wrapper\">\n        <div class=\"twbb_cta-buttons\">\n              <div class=\"twbb_cta-button-item twbb_cta-button-item__one twbb_cta-button-enable-yes\">\n          <a href=\"https:\/\/haridusnoustaja.com\/kontakt\" class=\"elementor-button twbb_cta-button elementor-size- twbb_cta-button__one\"            >V\u00f5ta \u00fchendustn ja k\u00fcsin n\u00f5ustamisaega<\/a>\n        <\/div>\n                        <\/div>\n    <\/div>\n  <\/div>\n        <\/div>\n\t\t\t\t<\/div>\n\t\t\t\t<\/div>\n\t\t\t\t\t<\/div>\n\t\t\t\t<\/div>\n\t\t\t\t<\/div>\n\t\t","protected":false},"excerpt":{"rendered":"<p>Toetav n\u00f5ustamine lapsevanemale \u2013 et sa ei peaks k\u00f5ike \u00fcksi v\u00e4lja m\u00f5tlema Kui tunned, et tahaksid paremini m\u00f5ista oma last v\u00f5i toetada teda keerulisel hetkel, siis sa ei pea seda tegema \u00fcksi. Olen siin, et aidata sul leida selgus, rahu ja praktilised sammud edasi liikumiseks. V\u00f5tan \u00fchendust ja k\u00fcsin n\u00f5ustamisaega Lapsevanemaks olemine pole lihtne \u2013 [&hellip;]<\/p>\n","protected":false},"author":1,"featured_media":0,"parent":1438,"menu_order":0,"comment_status":"closed","ping_status":"closed","template":"","meta":{"inline_featured_image":false,"two_page_speed":[],"footnotes":""},"class_list":["post-1399","page","type-page","status-publish","hentry"],"_links":{"self":[{"href":"https:\/\/haridusnoustaja.com\/index.php?rest_route=\/wp\/v2\/pages\/1399","targetHints":{"allow":["GET"]}}],"collection":[{"href":"https:\/\/haridusnoustaja.com\/index.php?rest_route=\/wp\/v2\/pages"}],"about":[{"href":"https:\/\/haridusnoustaja.com\/index.php?rest_route=\/wp\/v2\/types\/page"}],"author":[{"embeddable":true,"href":"https:\/\/haridusnoustaja.com\/index.php?rest_route=\/wp\/v2\/users\/1"}],"replies":[{"embeddable":true,"href":"https:\/\/haridusnoustaja.com\/index.php?rest_route=%2Fwp%2Fv2%2Fcomments&post=1399"}],"version-history":[{"count":0,"href":"https:\/\/haridusnoustaja.com\/index.php?rest_route=\/wp\/v2\/pages\/1399\/revisions"}],"up":[{"embeddable":true,"href":"https:\/\/haridusnoustaja.com\/index.php?rest_route=\/wp\/v2\/pages\/1438"}],"wp:attachment":[{"href":"https:\/\/haridusnoustaja.com\/index.php?rest_route=%2Fwp%2Fv2%2Fmedia&parent=1399"}],"curies":[{"name":"wp","href":"https:\/\/api.w.org\/{rel}","templated":true}]}}