{"id":1422,"date":"2025-08-29T12:11:25","date_gmt":"2025-08-29T09:11:25","guid":{"rendered":"https:\/\/haridusnoustaja.com\/?page_id=1422"},"modified":"2025-09-07T16:02:28","modified_gmt":"2025-09-07T13:02:28","slug":"raamat-opetajale","status":"publish","type":"page","link":"https:\/\/haridusnoustaja.com\/?page_id=1422","title":{"rendered":"Raamat \u00f5petajale"},"content":{"rendered":"\t\t<div data-elementor-type=\"wp-page\" data-elementor-id=\"1422\" class=\"elementor elementor-1422\">\n\t\t\t\t<div class=\"elementor-element elementor-element-806abe6 twbb_section e-flex e-con-boxed e-con e-parent\" data-id=\"806abe6\" data-element_type=\"container\">\n\t\t\t\t\t<div class=\"e-con-inner\">\n\t\t<div class=\"elementor-element elementor-element-56b0611 e-con-full e-flex e-con e-child\" data-id=\"56b0611\" data-element_type=\"container\">\n\t\t\t\t<div class=\"elementor-element elementor-element-73cb034 elementor-widget__width-initial elementor-widget-mobile__width-inherit elementor-widget-tablet__width-initial elementor-widget elementor-widget-image\" data-id=\"73cb034\" data-element_type=\"widget\" data-widget_type=\"image.default\">\n\t\t\t\t<div class=\"elementor-widget-container\">\n\t\t\t\t\t\t\t\t\t\t\t\t\t\t\t<img fetchpriority=\"high\" decoding=\"async\" width=\"1280\" height=\"875\" src=\"https:\/\/haridusnoustaja.com\/wp-content\/uploads\/2025\/08\/Book2.jpg\" class=\"attachment-full size-full wp-image-1362\" alt=\"\" srcset=\"https:\/\/haridusnoustaja.com\/wp-content\/uploads\/2025\/08\/Book2.jpg 1280w, https:\/\/haridusnoustaja.com\/wp-content\/uploads\/2025\/08\/Book2-300x205.jpg 300w, https:\/\/haridusnoustaja.com\/wp-content\/uploads\/2025\/08\/Book2-1024x700.jpg 1024w, https:\/\/haridusnoustaja.com\/wp-content\/uploads\/2025\/08\/Book2-768x525.jpg 768w, https:\/\/haridusnoustaja.com\/wp-content\/uploads\/2025\/08\/Book2-600x410.jpg 600w\" sizes=\"(max-width: 1280px) 100vw, 1280px\" \/>\t\t\t\t\t\t\t\t\t\t\t\t\t\t\t<\/div>\n\t\t\t\t<\/div>\n\t\t\t\t<\/div>\n\t\t<div class=\"elementor-element elementor-element-69547e9 e-con-full e-flex e-con e-child\" data-id=\"69547e9\" data-element_type=\"container\">\n\t\t\t\t<div class=\"elementor-element elementor-element-d5f2a79 elementor-widget__width-initial elementor-widget-mobile__width-inherit elementor-widget-tablet__width-initial elementor-invisible elementor-widget elementor-widget-heading\" data-id=\"d5f2a79\" data-element_type=\"widget\" data-settings=\"{&quot;_animation&quot;:&quot;fadeInUp&quot;}\" data-widget_type=\"heading.default\">\n\t\t\t\t<div class=\"elementor-widget-container\">\n\t\t\t\t\t<h2 class=\"elementor-heading-title elementor-size-default\">Kuidas toimida, kui laps ei allu, karjub, t\u00f5mbub endasse v\u00f5i h\u00e4irib kogu r\u00fchma t\u00f6\u00f6d?<\/h2>\t\t\t\t<\/div>\n\t\t\t\t<\/div>\n\t\t\t\t<div class=\"elementor-element elementor-element-dda652c elementor-widget__width-initial elementor-widget-mobile__width-inherit elementor-widget-tablet__width-initial elementor-invisible elementor-widget elementor-widget-text-editor\" data-id=\"dda652c\" data-element_type=\"widget\" data-settings=\"{&quot;_animation&quot;:&quot;fadeInUp&quot;}\" data-widget_type=\"text-editor.default\">\n\t\t\t\t<div class=\"elementor-widget-container\">\n\t\t\t\t\t\t\t\t\t<p>Sa tahad aidata. Aga vahel ei tea enam, kuidas&#8230;<br \/>See raamat pakub Sulle m\u00f5istmist, tuge ja praktilisi lahendusi, mis t\u00f6\u00f6tavad p\u00e4ris elus, mitte ainult teoorias.<\/p>\t\t\t\t\t\t\t\t<\/div>\n\t\t\t\t<\/div>\n\t\t\t\t<div class=\"elementor-element elementor-element-e00f29d elementor-widget__width-initial elementor-widget-mobile__width-inherit elementor-widget-tablet__width-initial elementor-invisible elementor-widget elementor-widget-text-editor\" data-id=\"e00f29d\" data-element_type=\"widget\" data-settings=\"{&quot;_animation&quot;:&quot;fadeInUp&quot;}\" data-widget_type=\"text-editor.default\">\n\t\t\t\t<div class=\"elementor-widget-container\">\n\t\t\t\t\t\t\t\t\t<p>\u201c\u00d5petajalt \u00f5petajale\u201d on raamat, mis r\u00e4\u00e4gib ausalt lasteaia igap\u00e4evastest v\u00e4ljakutsetest ja aitab Sul tulla toime keeruliste olukordadega.<\/p>\t\t\t\t\t\t\t\t<\/div>\n\t\t\t\t<\/div>\n\t\t\t\t<div class=\"elementor-element elementor-element-06a7b27 elementor-widget elementor-widget-button\" data-id=\"06a7b27\" data-element_type=\"widget\" data-widget_type=\"button.default\">\n\t\t\t\t<div class=\"elementor-widget-container\">\n\t\t\t\t\t\t\t\t\t<div class=\"elementor-button-wrapper\">\n\t\t\t\t\t<a class=\"elementor-button elementor-button-link elementor-size-sm\" href=\"#\">\n\t\t\t\t\t\t<span class=\"elementor-button-content-wrapper\">\n\t\t\t\t\t\t\t\t\t<span class=\"elementor-button-text\">Hind eraisikule: 25\u20ac (koos saatmisega)<\/span>\n\t\t\t\t\t<\/span>\n\t\t\t\t\t<\/a>\n\t\t\t\t<\/div>\n\t\t\t\t\t\t\t\t<\/div>\n\t\t\t\t<\/div>\n\t\t\t\t<div class=\"elementor-element elementor-element-06cee53 elementor-widget elementor-widget-button\" data-id=\"06cee53\" data-element_type=\"widget\" data-widget_type=\"button.default\">\n\t\t\t\t<div class=\"elementor-widget-container\">\n\t\t\t\t\t\t\t\t\t<div class=\"elementor-button-wrapper\">\n\t\t\t\t\t<a class=\"elementor-button elementor-button-link elementor-size-sm\" href=\"#\">\n\t\t\t\t\t\t<span class=\"elementor-button-content-wrapper\">\n\t\t\t\t\t\t\t\t\t<span class=\"elementor-button-text\">Hind haridusasutusele: alates 30\u20ac, hulgi ostes soodsam.<\/span>\n\t\t\t\t\t<\/span>\n\t\t\t\t\t<\/a>\n\t\t\t\t<\/div>\n\t\t\t\t\t\t\t\t<\/div>\n\t\t\t\t<\/div>\n\t\t\t\t<\/div>\n\t\t\t\t\t<\/div>\n\t\t\t\t<\/div>\n\t\t<div class=\"elementor-element elementor-element-96f9577 twbb_section e-flex e-con-boxed e-con e-parent\" data-id=\"96f9577\" data-element_type=\"container\">\n\t\t\t\t\t<div class=\"e-con-inner\">\n\t\t<div class=\"elementor-element elementor-element-969da12 e-con-full e-flex e-con e-child\" data-id=\"969da12\" data-element_type=\"container\">\n\t\t\t\t<div class=\"elementor-element elementor-element-1d8c0a3 elementor-widget__width-initial elementor-widget-mobile__width-inherit elementor-widget-tablet__width-initial elementor-invisible elementor-widget elementor-widget-heading\" data-id=\"1d8c0a3\" data-element_type=\"widget\" data-settings=\"{&quot;_animation&quot;:&quot;fadeInUp&quot;}\" data-widget_type=\"heading.default\">\n\t\t\t\t<div class=\"elementor-widget-container\">\n\t\t\t\t\t<h2 class=\"elementor-heading-title elementor-size-default\">Kellele see raamat on kirjutatud?\n<\/h2>\t\t\t\t<\/div>\n\t\t\t\t<\/div>\n\t\t\t\t<div class=\"elementor-element elementor-element-e91eeac elementor-widget__width-initial elementor-widget-mobile__width-inherit elementor-widget-tablet__width-initial elementor-invisible elementor-widget elementor-widget-text-editor\" data-id=\"e91eeac\" data-element_type=\"widget\" data-settings=\"{&quot;_animation&quot;:&quot;fadeInUp&quot;}\" data-widget_type=\"text-editor.default\">\n\t\t\t\t<div class=\"elementor-widget-container\">\n\t\t\t\t\t\t\t\t\t<p><strong>Raamat<\/strong> on m\u00f5eldud lasteaia \u00f5petajale, abi\u00f5petajale, juhile v\u00f5i tugispetsialistile, kes:<br \/><br \/><\/p>\t\t\t\t\t\t\t\t<\/div>\n\t\t\t\t<\/div>\n\t\t\t\t<div class=\"elementor-element elementor-element-91081cc elementor-widget__width-initial elementor-widget-mobile__width-inherit elementor-widget-tablet__width-initial elementor-invisible elementor-widget elementor-widget-text-editor\" data-id=\"91081cc\" data-element_type=\"widget\" data-settings=\"{&quot;_animation&quot;:&quot;fadeInUp&quot;}\" data-widget_type=\"text-editor.default\">\n\t\t\t\t<div class=\"elementor-widget-container\">\n\t\t\t\t\t\t\t\t\t<ul><li>tunneb end vahel <strong>v\u00e4sinuna, segaduses v\u00f5i kahtlemas<\/strong> oma t\u00f6\u00f6s<\/li><li>soovib paremini <strong>m\u00f5ista laste keerulist k\u00e4itumist<\/strong><\/li><li>otsib <strong>konkreetseid lahendusi,<\/strong> mitte teooriat<\/li><li>tahab <strong>t\u00f5eliselt toetada lapse arengut<\/strong><\/li><\/ul><p>\u00a0<\/p>\t\t\t\t\t\t\t\t<\/div>\n\t\t\t\t<\/div>\n\t\t\t\t<\/div>\n\t\t<div class=\"elementor-element elementor-element-ad9c43a e-con-full e-flex e-con e-child\" data-id=\"ad9c43a\" data-element_type=\"container\">\n\t\t\t\t<div class=\"elementor-element elementor-element-4c1386e elementor-widget__width-initial elementor-widget-mobile__width-inherit elementor-widget-tablet__width-initial elementor-widget elementor-widget-image\" data-id=\"4c1386e\" data-element_type=\"widget\" data-widget_type=\"image.default\">\n\t\t\t\t<div class=\"elementor-widget-container\">\n\t\t\t\t\t\t\t\t\t\t\t\t\t\t\t<img decoding=\"async\" width=\"1024\" height=\"1024\" src=\"https:\/\/haridusnoustaja.com\/wp-content\/uploads\/2025\/09\/image_5-1.webp\" class=\"attachment-full size-full wp-image-1811\" alt=\"\" srcset=\"https:\/\/haridusnoustaja.com\/wp-content\/uploads\/2025\/09\/image_5-1.webp 1024w, https:\/\/haridusnoustaja.com\/wp-content\/uploads\/2025\/09\/image_5-1-300x300.webp 300w, https:\/\/haridusnoustaja.com\/wp-content\/uploads\/2025\/09\/image_5-1-150x150.webp 150w, https:\/\/haridusnoustaja.com\/wp-content\/uploads\/2025\/09\/image_5-1-768x768.webp 768w, https:\/\/haridusnoustaja.com\/wp-content\/uploads\/2025\/09\/image_5-1-600x600.webp 600w\" sizes=\"(max-width: 1024px) 100vw, 1024px\" \/>\t\t\t\t\t\t\t\t\t\t\t\t\t\t\t<\/div>\n\t\t\t\t<\/div>\n\t\t\t\t<\/div>\n\t\t\t\t\t<\/div>\n\t\t\t\t<\/div>\n\t\t<div class=\"elementor-element elementor-element-af2f779 twbb_section e-flex e-con-boxed e-con e-parent\" data-id=\"af2f779\" data-element_type=\"container\">\n\t\t\t\t\t<div class=\"e-con-inner\">\n\t\t\t\t<div class=\"elementor-element elementor-element-8fc2964 elementor-widget__width-initial elementor-widget-mobile__width-inherit elementor-widget-tablet__width-initial elementor-invisible elementor-widget elementor-widget-heading\" data-id=\"8fc2964\" data-element_type=\"widget\" data-settings=\"{&quot;_animation&quot;:&quot;fadeInUp&quot;}\" data-widget_type=\"heading.default\">\n\t\t\t\t<div class=\"elementor-widget-container\">\n\t\t\t\t\t<h2 class=\"elementor-heading-title elementor-size-default\">Millest raamat r\u00e4\u00e4gib?<\/h2>\t\t\t\t<\/div>\n\t\t\t\t<\/div>\n\t\t\t\t<div class=\"elementor-element elementor-element-a6efdf0 elementor-widget__width-initial elementor-widget-mobile__width-inherit elementor-widget-tablet__width-initial elementor-invisible elementor-widget elementor-widget-text-editor\" data-id=\"a6efdf0\" data-element_type=\"widget\" data-settings=\"{&quot;_animation&quot;:&quot;fadeInUp&quot;}\" data-widget_type=\"text-editor.default\">\n\t\t\t\t<div class=\"elementor-widget-container\">\n\t\t\t\t\t\t\t\t\t<p>M\u00f5ned teemad, mis sind ees ootavad:<\/p><ul><li>lapsed, kes ei allu reeglitele,\u00a0 mis tegelikult nende k\u00e4itumisega toimub?<\/li><li>kuidas reageerida, kui laps l\u00f6\u00f6b, karjub v\u00f5i t\u00f5mbub endasse?<\/li><li>\u00f5petaja sisemise tasakaalu toetamine, kuidas j\u00e4\u00e4da rahulikuks keset kaost?<\/li><li>koost\u00f6\u00f6 lapsevanemaga, ka siis, kui suhtlemine on keeruline.<\/li><\/ul>\t\t\t\t\t\t\t\t<\/div>\n\t\t\t\t<\/div>\n\t\t\t\t<div class=\"elementor-element elementor-element-afa9e30 elementor-widget__width-initial elementor-widget-mobile__width-inherit elementor-widget-tablet__width-initial elementor-invisible elementor-widget elementor-widget-text-editor\" data-id=\"afa9e30\" data-element_type=\"widget\" data-settings=\"{&quot;_animation&quot;:&quot;fadeInUp&quot;}\" data-widget_type=\"text-editor.default\">\n\t\t\t\t<div class=\"elementor-widget-container\">\n\t\t\t\t\t\t\t\t\t<p>Raamatu \u00fclesehitus algab probleemi kirjeldamisega, j\u00e4tkub lapse vajaduste kaardistamisega, seej\u00e4rel antakse konkreetsed arengut toetavad eesm\u00e4rgid ja l\u00f5puks on v\u00e4ljatoodud praktilised soovitused.<\/p>\t\t\t\t\t\t\t\t<\/div>\n\t\t\t\t<\/div>\n\t\t<div class=\"elementor-element elementor-element-3f8d8b6 e-con-full e-flex e-con e-child\" data-id=\"3f8d8b6\" data-element_type=\"container\">\n\t\t\t\t<div class=\"elementor-element elementor-element-lan5f4p elementor-widget elementor-widget-button\" data-id=\"lan5f4p\" data-element_type=\"widget\" data-widget_type=\"button.default\">\n\t\t\t\t<div class=\"elementor-widget-container\">\n\t\t\t\t\t\t\t\t\t<div class=\"elementor-button-wrapper\">\n\t\t\t\t\t<a class=\"elementor-button elementor-button-link elementor-size-sm\" href=\"https:\/\/haridusnoustaja.com\/wp-content\/uploads\/2025\/08\/Opetajalt-opetajale-sisu-naidis.pdf\">\n\t\t\t\t\t\t<span class=\"elementor-button-content-wrapper\">\n\t\t\t\t\t\t\t\t\t<span class=\"elementor-button-text\">Vaatan raamatu n\u00e4idislehek\u00fclgi<\/span>\n\t\t\t\t\t<\/span>\n\t\t\t\t\t<\/a>\n\t\t\t\t<\/div>\n\t\t\t\t\t\t\t\t<\/div>\n\t\t\t\t<\/div>\n\t\t\t\t<\/div>\n\t\t\t\t\t<\/div>\n\t\t\t\t<\/div>\n\t\t<div class=\"elementor-element elementor-element-3cf1e0eb twbb_section twbb_title_49 e-flex e-con-boxed e-con e-parent\" data-id=\"3cf1e0eb\" data-element_type=\"container\" data-settings=\"{&quot;background_background&quot;:&quot;classic&quot;}\">\n\t\t\t\t\t<div class=\"e-con-inner\">\n\t\t\t\t<div class=\"elementor-element elementor-element-5d1edf83 elementor-widget__width-initial elementor-widget-mobile__width-inherit elementor-widget-tablet__width-initial elementor-invisible elementor-widget elementor-widget-heading\" data-id=\"5d1edf83\" data-element_type=\"widget\" data-settings=\"{&quot;_animation&quot;:&quot;fadeInUp&quot;}\" data-widget_type=\"heading.default\">\n\t\t\t\t<div class=\"elementor-widget-container\">\n\t\t\t\t\t<h2 class=\"elementor-heading-title elementor-size-default\">Kuidas sai raamat alguse?<\/h2>\t\t\t\t<\/div>\n\t\t\t\t<\/div>\n\t\t\t\t<div class=\"elementor-element elementor-element-7f43e665 elementor-widget__width-initial elementor-widget-mobile__width-inherit elementor-widget-tablet__width-initial elementor-invisible elementor-widget elementor-widget-text-editor\" data-id=\"7f43e665\" data-element_type=\"widget\" data-settings=\"{&quot;_animation&quot;:&quot;fadeInUp&quot;}\" data-widget_type=\"text-editor.default\">\n\t\t\t\t<div class=\"elementor-widget-container\">\n\t\t\t\t\t\t\t\t\t<p>Raamatu idee s\u00fcndis \u00fche vestluse k\u00e4igus, kus autorid Kerli ja Kristi m\u00f5istsid, et <strong>\u00f5petajatel tuleb igap\u00e4evaselt lahendada keerulisi olukordi<\/strong>, mis tekivad r\u00fchmakeskkonnas ja mida on sageli ootamatult raske lahendada. See ajendas neid <strong>koguma praktilisi kogemusi ja n\u00e4iteid \u00f5petajatelt \u00fcle Eesti<\/strong>, mille p\u00f5hjal nad anal\u00fc\u00fcsisid erinevaid olukordi ning koostasid kogumiku praktilistest soovitustest.<\/p><p>2023. aasta kevadel koguti \u00f5petajatelt \u00fcle Eesti reaalseid juhtumeid \u2013 iga olukord lahati, tuues v\u00e4lja lapse vajadused, v\u00f5imalikud p\u00f5hjused ja praktilised oskused, mida on vaja arendada. Autorid keskendusid sellele, kuidas toetada \u00f5petajaid keeruliste olukordade lahendamisel, mitte pelgalt probleeme lahates, vaid oskusi arendades.<\/p><p>Raamatu loomise k\u00e4igus peeti oluliseks, et:<\/p><ul><li><strong>\u00f5petajal oleks suunad ja t\u00f6\u00f6riistad<\/strong>, kuidas keerulistes olukordades rahulikult ja enesekindlalt tegutseda;<\/li><li><strong>m\u00f5ista iga lapse individuaalsust ja vajadusi<\/strong>, mitte lahterdada v\u00f5i sildistada;<\/li><li><strong>tuua meeskonnana fookusesse lapse arengu toetamine<\/strong>, mitte pelgalt distsipliin;<\/li><li><strong>kaasata k\u00f5ik osapooled<\/strong> \u2013 \u00f5petajad, meeskond, lapsevanemad \u2013 <strong>\u00fchise eesm\u00e4rgi nimel.<\/strong><\/li><\/ul><p>Autorid t\u00e4navad \u00f5petajaid, kes jagasid oma lugusid ja v\u00e4ljakutseid \u2013 t\u00e4nu neile on raamat sisukam ja elulisem.<\/p>\t\t\t\t\t\t\t\t<\/div>\n\t\t\t\t<\/div>\n\t\t\t\t\t<\/div>\n\t\t\t\t<\/div>\n\t\t<div class=\"elementor-element elementor-element-7b0870f6 twbb_section e-flex e-con-boxed e-con e-parent\" data-id=\"7b0870f6\" data-element_type=\"container\">\n\t\t\t\t\t<div class=\"e-con-inner\">\n\t\t\t\t<div class=\"elementor-element elementor-element-7aa0d598 elementor-widget__width-initial elementor-widget-mobile__width-inherit elementor-widget-tablet__width-initial elementor-invisible elementor-widget elementor-widget-heading\" data-id=\"7aa0d598\" data-element_type=\"widget\" data-settings=\"{&quot;_animation&quot;:&quot;fadeInUp&quot;}\" data-widget_type=\"heading.default\">\n\t\t\t\t<div class=\"elementor-widget-container\">\n\t\t\t\t\t<h2 class=\"elementor-heading-title elementor-size-default\">Kuidas raamatut osta?\n<div><span style=\"font-family: Poppins, sans-serif;font-size: 48px;font-style: normal;font-weight: 700\"><\/span><\/div><\/h2>\t\t\t\t<\/div>\n\t\t\t\t<\/div>\n\t\t\t\t<div class=\"elementor-element elementor-element-53c2adfc elementor-widget__width-initial elementor-widget-mobile__width-inherit elementor-widget-tablet__width-initial elementor-view-default elementor-position-top elementor-mobile-position-top elementor-widget elementor-widget-icon-box\" data-id=\"53c2adfc\" data-element_type=\"widget\" data-widget_type=\"icon-box.default\">\n\t\t\t\t<div class=\"elementor-widget-container\">\n\t\t\t\t\t\t\t<div class=\"elementor-icon-box-wrapper\">\n\n\t\t\t\t\t\t<div class=\"elementor-icon-box-icon\">\n\t\t\t\t<span  class=\"elementor-icon\">\n\t\t\t\t<svg aria-hidden=\"true\" class=\"e-font-icon-svg e-fas-book\" viewBox=\"0 0 448 512\" xmlns=\"http:\/\/www.w3.org\/2000\/svg\"><path d=\"M448 360V24c0-13.3-10.7-24-24-24H96C43 0 0 43 0 96v320c0 53 43 96 96 96h328c13.3 0 24-10.7 24-24v-16c0-7.5-3.5-14.3-8.9-18.7-4.2-15.4-4.2-59.3 0-74.7 5.4-4.3 8.9-11.1 8.9-18.6zM128 134c0-3.3 2.7-6 6-6h212c3.3 0 6 2.7 6 6v20c0 3.3-2.7 6-6 6H134c-3.3 0-6-2.7-6-6v-20zm0 64c0-3.3 2.7-6 6-6h212c3.3 0 6 2.7 6 6v20c0 3.3-2.7 6-6 6H134c-3.3 0-6-2.7-6-6v-20zm253.4 250H96c-17.7 0-32-14.3-32-32 0-17.6 14.4-32 32-32h285.4c-1.9 17.1-1.9 46.9 0 64z\"><\/path><\/svg>\t\t\t\t<\/span>\n\t\t\t<\/div>\n\t\t\t\n\t\t\t\t\t\t<div class=\"elementor-icon-box-content\">\n\n\t\t\t\t\t\t\t\t\t<h2 class=\"elementor-icon-box-title\">\n\t\t\t\t\t\t<span  >\n\t\t\t\t\t\t\tTutvun raamatuga\t\t\t\t\t\t<\/span>\n\t\t\t\t\t<\/h2>\n\t\t\t\t\n\t\t\t\t\t\t\t\t\t<p class=\"elementor-icon-box-description\">\n\t\t\t\t\t\tRaamat on saadaval\npehmekaanelisena (saatmine DPDga)\n\n\t\t\t\t\t<\/p>\n\t\t\t\t\n\t\t\t<\/div>\n\t\t\t\n\t\t<\/div>\n\t\t\t\t\t\t<\/div>\n\t\t\t\t<\/div>\n\t\t\t\t<div class=\"elementor-element elementor-element-5f38a7c1 elementor-widget__width-initial elementor-widget-mobile__width-inherit elementor-widget-tablet__width-initial elementor-view-default elementor-position-top elementor-mobile-position-top elementor-widget elementor-widget-icon-box\" data-id=\"5f38a7c1\" data-element_type=\"widget\" data-widget_type=\"icon-box.default\">\n\t\t\t\t<div class=\"elementor-widget-container\">\n\t\t\t\t\t\t\t<div class=\"elementor-icon-box-wrapper\">\n\n\t\t\t\t\t\t<div class=\"elementor-icon-box-icon\">\n\t\t\t\t<span  class=\"elementor-icon\">\n\t\t\t\t<svg aria-hidden=\"true\" class=\"e-font-icon-svg e-fas-shopping-cart\" viewBox=\"0 0 576 512\" xmlns=\"http:\/\/www.w3.org\/2000\/svg\"><path d=\"M528.12 301.319l47.273-208C578.806 78.301 567.391 64 551.99 64H159.208l-9.166-44.81C147.758 8.021 137.93 0 126.529 0H24C10.745 0 0 10.745 0 24v16c0 13.255 10.745 24 24 24h69.883l70.248 343.435C147.325 417.1 136 435.222 136 456c0 30.928 25.072 56 56 56s56-25.072 56-56c0-15.674-6.447-29.835-16.824-40h209.647C430.447 426.165 424 440.326 424 456c0 30.928 25.072 56 56 56s56-25.072 56-56c0-22.172-12.888-41.332-31.579-50.405l5.517-24.276c3.413-15.018-8.002-29.319-23.403-29.319H218.117l-6.545-32h293.145c11.206 0 20.92-7.754 23.403-18.681z\"><\/path><\/svg>\t\t\t\t<\/span>\n\t\t\t<\/div>\n\t\t\t\n\t\t\t\t\t\t<div class=\"elementor-icon-box-content\">\n\n\t\t\t\t\t\t\t\t\t<h2 class=\"elementor-icon-box-title\">\n\t\t\t\t\t\t<span  >\n\t\t\t\t\t\t\tLisan raamatu ostukorvi\t\t\t\t\t\t<\/span>\n\t\t\t\t\t<\/h2>\n\t\t\t\t\n\t\t\t\t\t\t\t\t\t<p class=\"elementor-icon-box-description\">\n\t\t\t\t\t\tSuundun e-poodi.\t\t\t\t\t<\/p>\n\t\t\t\t\n\t\t\t<\/div>\n\t\t\t\n\t\t<\/div>\n\t\t\t\t\t\t<\/div>\n\t\t\t\t<\/div>\n\t\t\t\t<div class=\"elementor-element elementor-element-71537c76 elementor-widget__width-initial elementor-widget-mobile__width-inherit elementor-widget-tablet__width-initial elementor-view-default elementor-position-top elementor-mobile-position-top elementor-widget elementor-widget-icon-box\" data-id=\"71537c76\" data-element_type=\"widget\" data-widget_type=\"icon-box.default\">\n\t\t\t\t<div class=\"elementor-widget-container\">\n\t\t\t\t\t\t\t<div class=\"elementor-icon-box-wrapper\">\n\n\t\t\t\t\t\t<div class=\"elementor-icon-box-icon\">\n\t\t\t\t<span  class=\"elementor-icon\">\n\t\t\t\t<svg aria-hidden=\"true\" class=\"e-font-icon-svg e-fas-credit-card\" viewBox=\"0 0 576 512\" xmlns=\"http:\/\/www.w3.org\/2000\/svg\"><path d=\"M0 432c0 26.5 21.5 48 48 48h480c26.5 0 48-21.5 48-48V256H0v176zm192-68c0-6.6 5.4-12 12-12h136c6.6 0 12 5.4 12 12v40c0 6.6-5.4 12-12 12H204c-6.6 0-12-5.4-12-12v-40zm-128 0c0-6.6 5.4-12 12-12h72c6.6 0 12 5.4 12 12v40c0 6.6-5.4 12-12 12H76c-6.6 0-12-5.4-12-12v-40zM576 80v48H0V80c0-26.5 21.5-48 48-48h480c26.5 0 48 21.5 48 48z\"><\/path><\/svg>\t\t\t\t<\/span>\n\t\t\t<\/div>\n\t\t\t\n\t\t\t\t\t\t<div class=\"elementor-icon-box-content\">\n\n\t\t\t\t\t\t\t\t\t<h2 class=\"elementor-icon-box-title\">\n\t\t\t\t\t\t<span  >\n\t\t\t\t\t\t\tMaksan kaardiga v\u00f5i arve alusel\t\t\t\t\t\t<\/span>\n\t\t\t\t\t<\/h2>\n\t\t\t\t\n\t\t\t\t\t\t\t\t\t<p class=\"elementor-icon-box-description\">\n\t\t\t\t\t\t Tarne: 2\u20135 t\u00f6\u00f6p\u00e4eva jooksul.\t\t\t\t\t<\/p>\n\t\t\t\t\n\t\t\t<\/div>\n\t\t\t\n\t\t<\/div>\n\t\t\t\t\t\t<\/div>\n\t\t\t\t<\/div>\n\t\t\t\t<div class=\"elementor-element elementor-element-c9123c1 elementor-widget__width-initial elementor-widget-mobile__width-inherit elementor-widget-tablet__width-initial elementor-view-default elementor-position-top elementor-mobile-position-top elementor-widget elementor-widget-icon-box\" data-id=\"c9123c1\" data-element_type=\"widget\" data-widget_type=\"icon-box.default\">\n\t\t\t\t<div class=\"elementor-widget-container\">\n\t\t\t\t\t\t\t<div class=\"elementor-icon-box-wrapper\">\n\n\t\t\t\t\t\t<div class=\"elementor-icon-box-icon\">\n\t\t\t\t<span  class=\"elementor-icon\">\n\t\t\t\t<svg aria-hidden=\"true\" class=\"e-font-icon-svg e-fas-book-reader\" viewBox=\"0 0 512 512\" xmlns=\"http:\/\/www.w3.org\/2000\/svg\"><path d=\"M352 96c0-53.02-42.98-96-96-96s-96 42.98-96 96 42.98 96 96 96 96-42.98 96-96zM233.59 241.1c-59.33-36.32-155.43-46.3-203.79-49.05C13.55 191.13 0 203.51 0 219.14v222.8c0 14.33 11.59 26.28 26.49 27.05 43.66 2.29 131.99 10.68 193.04 41.43 9.37 4.72 20.48-1.71 20.48-11.87V252.56c-.01-4.67-2.32-8.95-6.42-11.46zm248.61-49.05c-48.35 2.74-144.46 12.73-203.78 49.05-4.1 2.51-6.41 6.96-6.41 11.63v245.79c0 10.19 11.14 16.63 20.54 11.9 61.04-30.72 149.32-39.11 192.97-41.4 14.9-.78 26.49-12.73 26.49-27.06V219.14c-.01-15.63-13.56-28.01-29.81-27.09z\"><\/path><\/svg>\t\t\t\t<\/span>\n\t\t\t<\/div>\n\t\t\t\n\t\t\t\t\t\t<div class=\"elementor-icon-box-content\">\n\n\t\t\t\t\t\t\t\t\t<h2 class=\"elementor-icon-box-title\">\n\t\t\t\t\t\t<span  >\n\t\t\t\t\t\t\tAlustan lugemist!\t\t\t\t\t\t<\/span>\n\t\t\t\t\t<\/h2>\n\t\t\t\t\n\t\t\t\t\t\t\t\t\t<p class=\"elementor-icon-box-description\">\n\t\t\t\t\t\tJagan h\u00e4id m\u00f5tteid kolleegidega.\t\t\t\t\t<\/p>\n\t\t\t\t\n\t\t\t<\/div>\n\t\t\t\n\t\t<\/div>\n\t\t\t\t\t\t<\/div>\n\t\t\t\t<\/div>\n\t\t\t\t\t<\/div>\n\t\t\t\t<\/div>\n\t\t\t\t<\/div>\n\t\t","protected":false},"excerpt":{"rendered":"<p>Kuidas toimida, kui laps ei allu, karjub, t\u00f5mbub endasse v\u00f5i h\u00e4irib kogu r\u00fchma t\u00f6\u00f6d? Sa tahad aidata. Aga vahel ei tea enam, kuidas&#8230;See raamat pakub Sulle m\u00f5istmist, tuge ja praktilisi lahendusi, mis t\u00f6\u00f6tavad p\u00e4ris elus, mitte ainult teoorias. \u201c\u00d5petajalt \u00f5petajale\u201d on raamat, mis r\u00e4\u00e4gib ausalt lasteaia igap\u00e4evastest v\u00e4ljakutsetest ja aitab Sul tulla toime keeruliste olukordadega. [&hellip;]<\/p>\n","protected":false},"author":1,"featured_media":0,"parent":0,"menu_order":0,"comment_status":"closed","ping_status":"closed","template":"","meta":{"inline_featured_image":false,"two_page_speed":[],"footnotes":""},"class_list":["post-1422","page","type-page","status-publish","hentry"],"_links":{"self":[{"href":"https:\/\/haridusnoustaja.com\/index.php?rest_route=\/wp\/v2\/pages\/1422","targetHints":{"allow":["GET"]}}],"collection":[{"href":"https:\/\/haridusnoustaja.com\/index.php?rest_route=\/wp\/v2\/pages"}],"about":[{"href":"https:\/\/haridusnoustaja.com\/index.php?rest_route=\/wp\/v2\/types\/page"}],"author":[{"embeddable":true,"href":"https:\/\/haridusnoustaja.com\/index.php?rest_route=\/wp\/v2\/users\/1"}],"replies":[{"embeddable":true,"href":"https:\/\/haridusnoustaja.com\/index.php?rest_route=%2Fwp%2Fv2%2Fcomments&post=1422"}],"version-history":[{"count":0,"href":"https:\/\/haridusnoustaja.com\/index.php?rest_route=\/wp\/v2\/pages\/1422\/revisions"}],"wp:attachment":[{"href":"https:\/\/haridusnoustaja.com\/index.php?rest_route=%2Fwp%2Fv2%2Fmedia&parent=1422"}],"curies":[{"name":"wp","href":"https:\/\/api.w.org\/{rel}","templated":true}]}}